{"id":8191,"date":"2022-09-28T18:55:52","date_gmt":"2022-09-28T16:55:52","guid":{"rendered":"https:\/\/www.maprofar.com\/tienda\/?post_type=product&#038;p=8191"},"modified":"2025-05-27T17:12:55","modified_gmt":"2025-05-27T15:12:55","slug":"approx-appls08-lector-de-codigos-de-barras-omnidireccional-1d-2d-especial-grandes-volumenes-indicador-led-y-beeper-disparo-automatico","status":"publish","type":"product","link":"https:\/\/www.maprofar.com\/tienda\/producto\/approx-appls08-lector-de-codigos-de-barras-omnidireccional-1d-2d-especial-grandes-volumenes-indicador-led-y-beeper-disparo-automatico\/","title":{"rendered":"Approx APPLS08+ Lector de Codigos de Barras Omnidireccional 1D\/2D &#8211; Especial Grandes Volumenes &#8211; Indicador LED y Beeper &#8211; Disparo Automatico"},"content":{"rendered":"<p>Approx APPLS08+ Lector de Codigos de Barras Omnidireccional 1D\/2D &#8211; Especial Grandes Volumenes &#8211; Indicador LED y Beeper &#8211; Disparo Automatico.<\/p>\n<p>Esc\u00e1ner manos libres 1D\/2D, con un dise\u00f1o compacto y moderno. Especialmente concebido para ser utilizados en los puntos de venta que deban procesar grandes vol\u00famenes de productos<br \/>\ny requieran de un lector fiable y preciso. Si dirige un negocio de gran volumen, necesita una soluci\u00f3n de escaneo de c\u00f3digos de barras que mejore el desempe\u00f1o del pago, elevando el<br \/>\nrendimiento del tiempo de cobro, mejorando la experiencia del cliente y optimizando la ejecuci\u00f3n<br \/>\nde los programas de marketing m\u00f3vil. Gracias a su amplia \u00e1rea visible, el appLS08+ es capaz de leer todos los c\u00f3digos 1D y 2D con gran rapidez, tanto en formato impreso como en pantallas electr\u00f3nicas. Este esc\u00e1ner es ideal para intensas jornadas de trabajo.<\/p>\n<p>Especificaciones:<\/p>\n<p>Generales:<\/p>\n<p>-Tipo: CMOS, 625nm LED<br \/>\n-Modo de escaneo: 1D o 2D Imager<br \/>\n-Velocidad de escaneo: 120 fps<br \/>\n-Resoluci\u00f3n: 1280 x 1024<br \/>\n-Profundidad \u00e1rea de escaneo: 10-320 mm<br \/>\n-Modo de disparo: Autom\u00e1tico (auto detecci\u00f3n de objetos)<br \/>\n-Tensi\u00f3n de entrada: 5V DC +5%<br \/>\n-\u00c1ngulo de escaneo: Roll \u00b1360\u00ba, Skew \u00b160\u00ba, Pitch \u00b170\u00ba<br \/>\n-Modo de indicaci\u00f3n: LED y beeper<br \/>\n-Bot\u00f3n superior: Activa\/desactiva c\u00f3digos 2D<br \/>\n-Soporta ca\u00eddas desde: 1,5 metros 3 veces<br \/>\n-Grado de protecci\u00f3n: IP54<br \/>\n-Color: Negro<br \/>\n-Capacidad de decodificaci\u00f3n: C\u00f3digo de barras 1D como EAN-8, EAN-13, EAN-13 2 add-on, EAN-13 5 add-on, ISSN, ISBN, UPC-A, UPC-E, Code11, Code 32, Code 39, Code 93, Code 128, Codabar, Industrial 2 of 5, Interleaved 2 of 5, Matrix 2 of 5, GS1-128, GS1 DataBar RSS14), GS1 DataBar Limited, GS1 DataBar Expanded, etc. \/ c\u00f3digo de barras 2D como PDF417<\/p>\n<p>Interfaces:<\/p>\n<p>-Interfaz: USB<\/p>\n<p>Dimensiones y peso:<\/p>\n<p>-Medidas: 163 x 77 x 164 mm<br \/>\n-Peso: 720 g. aprox<\/p>\n<p><span style=\"color: #999999;\">Comprar Approx APPLS08+ Lector de Codigos de Barras Omnidireccional 1D\/2D &#8211; Especial Grandes Volumenes &#8211; Indicador LED y Beeper &#8211; Disparo Automatico<\/span><\/p>\n","protected":false},"excerpt":{"rendered":"<p class=\"titulo_subseccion_da\">CARACTER\u00cdSTICAS<\/p>\n<div class=\"listado_caracteristicas_da\"><span class=\"linea_datos_da\">\u2022 Marca:\u00a0<span class=\"gris_400\" title=\"Approx\">Approx<\/span><\/span><\/div>\n<div class=\"listado_caracteristicas_da\"><span class=\"linea_datos_da\" title=\"Negro\">\u2022 Color:\u00a0<span class=\"gris_400\">Negro<\/span><\/span><\/div>\n<div class=\"listado_caracteristicas_da\"><span class=\"linea_datos_da\" title=\"Approx\">\u2022 Fabricante:\u00a0<span class=\"gris_400\">Approx<\/span><\/span><\/div>\n<div class=\"listado_caracteristicas_da\"><span class=\"linea_datos_da\" title=\"\" aria-describedby=\"ui-id-18\">\u2022 Ref.:\u00a0<span class=\"gris_400\">APPLS08+<\/span><\/span><\/div>\n","protected":false},"featured_media":8192,"template":"","meta":[],"product_brand":[],"product_cat":[184],"product_tag":[],"class_list":{"0":"post-8191","1":"product","2":"type-product","3":"status-publish","4":"has-post-thumbnail","6":"product_cat-lectores-de-codigos","8":"first","9":"outofstock","10":"taxable","11":"shipping-taxable","12":"purchasable","13":"product-type-simple"},"yoast_head":"<!-- This site is optimized with the Yoast SEO Premium plugin v22.3 (Yoast SEO v27.4) - https:\/\/yoast.com\/product\/yoast-seo-premium-wordpress\/ -->\n<title>Approx APPLS08+ Lector de Codigos de Barras Omnidireccional<\/title>\n<meta name=\"description\" content=\"Approx APPLS08+ Lector de Codigos de Barras Omnidireccional 1D\/2D - Especial Grandes Volumenes - Indicador LED y Beeper - Disparo Automatico\" \/>\n<meta name=\"robots\" content=\"index, follow, max-snippet:-1, max-image-preview:large, max-video-preview:-1\" \/>\n<link rel=\"canonical\" href=\"https:\/\/www.maprofar.com\/tienda\/producto\/approx-appls08-lector-de-codigos-de-barras-omnidireccional-1d-2d-especial-grandes-volumenes-indicador-led-y-beeper-disparo-automatico\/\" \/>\n<meta property=\"og:locale\" content=\"es_ES\" \/>\n<meta property=\"og:type\" content=\"article\" \/>\n<meta property=\"og:title\" content=\"Approx APPLS08+ Lector de Codigos de Barras Omnidireccional 1D\/2D - Especial Grandes Volumenes - Indicador LED y Beeper - Disparo Automatico - Maprofar | T\u00f3ner Compatible Brother, HP y Soluciones de Impresi\u00f3n 3D\" \/>\n<meta property=\"og:description\" content=\"En Maprofar encontrar\u00e1s t\u00f3ner compatibles de calidad y material de oficina al mejor precio. Ahorra sin sacrificar rendimiento. \u00a1Aprovecha nuestras ofertas y descuentos!\" \/>\n<meta property=\"og:url\" content=\"https:\/\/www.maprofar.com\/tienda\/producto\/approx-appls08-lector-de-codigos-de-barras-omnidireccional-1d-2d-especial-grandes-volumenes-indicador-led-y-beeper-disparo-automatico\/\" \/>\n<meta property=\"og:site_name\" content=\"Maprofar | T\u00f3ner Compatible Brother, HP y Soluciones de Impresi\u00f3n 3D\" \/>\n<meta property=\"article:publisher\" content=\"https:\/\/es-es.facebook.com\/maprofar\" \/>\n<meta property=\"article:modified_time\" content=\"2025-05-27T15:12:55+00:00\" \/>\n<meta property=\"og:image\" content=\"https:\/\/www.maprofar.com\/tienda\/wp-content\/uploads\/2022\/09\/APPLS08_1.jpg\" \/>\n\t<meta property=\"og:image:width\" content=\"800\" \/>\n\t<meta property=\"og:image:height\" content=\"800\" \/>\n\t<meta property=\"og:image:type\" content=\"image\/jpeg\" \/>\n<meta name=\"twitter:card\" content=\"summary_large_image\" \/>\n<meta name=\"twitter:label1\" content=\"Tiempo de lectura\" \/>\n\t<meta name=\"twitter:data1\" content=\"2 minutos\" \/>\n<script type=\"application\/ld+json\" class=\"yoast-schema-graph\">{\"@context\":\"https:\\\/\\\/schema.org\",\"@graph\":[{\"@type\":\"WebPage\",\"@id\":\"https:\\\/\\\/www.maprofar.com\\\/tienda\\\/producto\\\/approx-appls08-lector-de-codigos-de-barras-omnidireccional-1d-2d-especial-grandes-volumenes-indicador-led-y-beeper-disparo-automatico\\\/\",\"url\":\"https:\\\/\\\/www.maprofar.com\\\/tienda\\\/producto\\\/approx-appls08-lector-de-codigos-de-barras-omnidireccional-1d-2d-especial-grandes-volumenes-indicador-led-y-beeper-disparo-automatico\\\/\",\"name\":\"Approx APPLS08+ Lector de Codigos de Barras Omnidireccional\",\"isPartOf\":{\"@id\":\"https:\\\/\\\/www.maprofar.com\\\/tienda\\\/#website\"},\"primaryImageOfPage\":{\"@id\":\"https:\\\/\\\/www.maprofar.com\\\/tienda\\\/producto\\\/approx-appls08-lector-de-codigos-de-barras-omnidireccional-1d-2d-especial-grandes-volumenes-indicador-led-y-beeper-disparo-automatico\\\/#primaryimage\"},\"image\":{\"@id\":\"https:\\\/\\\/www.maprofar.com\\\/tienda\\\/producto\\\/approx-appls08-lector-de-codigos-de-barras-omnidireccional-1d-2d-especial-grandes-volumenes-indicador-led-y-beeper-disparo-automatico\\\/#primaryimage\"},\"thumbnailUrl\":\"https:\\\/\\\/www.maprofar.com\\\/tienda\\\/wp-content\\\/uploads\\\/2022\\\/09\\\/APPLS08_1.jpg\",\"datePublished\":\"2022-09-28T16:55:52+00:00\",\"dateModified\":\"2025-05-27T15:12:55+00:00\",\"description\":\"Approx APPLS08+ Lector de Codigos de Barras Omnidireccional 1D\\\/2D - Especial Grandes Volumenes - Indicador LED y Beeper - Disparo Automatico\",\"breadcrumb\":{\"@id\":\"https:\\\/\\\/www.maprofar.com\\\/tienda\\\/producto\\\/approx-appls08-lector-de-codigos-de-barras-omnidireccional-1d-2d-especial-grandes-volumenes-indicador-led-y-beeper-disparo-automatico\\\/#breadcrumb\"},\"inLanguage\":\"es\",\"potentialAction\":[{\"@type\":\"ReadAction\",\"target\":[\"https:\\\/\\\/www.maprofar.com\\\/tienda\\\/producto\\\/approx-appls08-lector-de-codigos-de-barras-omnidireccional-1d-2d-especial-grandes-volumenes-indicador-led-y-beeper-disparo-automatico\\\/\"]}]},{\"@type\":\"ImageObject\",\"inLanguage\":\"es\",\"@id\":\"https:\\\/\\\/www.maprofar.com\\\/tienda\\\/producto\\\/approx-appls08-lector-de-codigos-de-barras-omnidireccional-1d-2d-especial-grandes-volumenes-indicador-led-y-beeper-disparo-automatico\\\/#primaryimage\",\"url\":\"https:\\\/\\\/www.maprofar.com\\\/tienda\\\/wp-content\\\/uploads\\\/2022\\\/09\\\/APPLS08_1.jpg\",\"contentUrl\":\"https:\\\/\\\/www.maprofar.com\\\/tienda\\\/wp-content\\\/uploads\\\/2022\\\/09\\\/APPLS08_1.jpg\",\"width\":800,\"height\":800},{\"@type\":\"BreadcrumbList\",\"@id\":\"https:\\\/\\\/www.maprofar.com\\\/tienda\\\/producto\\\/approx-appls08-lector-de-codigos-de-barras-omnidireccional-1d-2d-especial-grandes-volumenes-indicador-led-y-beeper-disparo-automatico\\\/#breadcrumb\",\"itemListElement\":[{\"@type\":\"ListItem\",\"position\":1,\"name\":\"Portada\",\"item\":\"https:\\\/\\\/www.maprofar.com\\\/tienda\\\/\"},{\"@type\":\"ListItem\",\"position\":2,\"name\":\"Inicio\",\"item\":\"https:\\\/\\\/www.maprofar.com\\\/tienda\\\/\"},{\"@type\":\"ListItem\",\"position\":3,\"name\":\"Approx APPLS08+ Lector de Codigos de Barras Omnidireccional 1D\\\/2D &#8211; Especial Grandes Volumenes &#8211; Indicador LED y Beeper &#8211; Disparo Automatico\"}]},{\"@type\":\"WebSite\",\"@id\":\"https:\\\/\\\/www.maprofar.com\\\/tienda\\\/#website\",\"url\":\"https:\\\/\\\/www.maprofar.com\\\/tienda\\\/\",\"name\":\"Maprofar - Toner Compatibles y Material de Oficina\",\"description\":\"Encuentra en Maprofar tu t\u00f3ner compatible Brother y HP al mejor precio. Calidad garantizada, env\u00edo urgente 24h y asesoramiento t\u00e9cnico experto. \u00a1Vis\u00edtanos!\",\"publisher\":{\"@id\":\"https:\\\/\\\/www.maprofar.com\\\/tienda\\\/#organization\"},\"alternateName\":\"Maprofar Inform\u00e1tica\",\"potentialAction\":[{\"@type\":\"SearchAction\",\"target\":{\"@type\":\"EntryPoint\",\"urlTemplate\":\"https:\\\/\\\/www.maprofar.com\\\/tienda\\\/?s={search_term_string}\"},\"query-input\":{\"@type\":\"PropertyValueSpecification\",\"valueRequired\":true,\"valueName\":\"search_term_string\"}}],\"inLanguage\":\"es\"},{\"@type\":\"Organization\",\"@id\":\"https:\\\/\\\/www.maprofar.com\\\/tienda\\\/#organization\",\"name\":\"Maprofar S.L.\",\"url\":\"https:\\\/\\\/www.maprofar.com\\\/tienda\\\/\",\"logo\":{\"@type\":\"ImageObject\",\"inLanguage\":\"es\",\"@id\":\"https:\\\/\\\/www.maprofar.com\\\/tienda\\\/#\\\/schema\\\/logo\\\/image\\\/\",\"url\":\"https:\\\/\\\/www.maprofar.com\\\/tienda\\\/wp-content\\\/uploads\\\/2021\\\/05\\\/logo_circulo.jpg\",\"contentUrl\":\"https:\\\/\\\/www.maprofar.com\\\/tienda\\\/wp-content\\\/uploads\\\/2021\\\/05\\\/logo_circulo.jpg\",\"width\":404,\"height\":335,\"caption\":\"Maprofar S.L.\"},\"image\":{\"@id\":\"https:\\\/\\\/www.maprofar.com\\\/tienda\\\/#\\\/schema\\\/logo\\\/image\\\/\"},\"sameAs\":[\"https:\\\/\\\/es-es.facebook.com\\\/maprofar\",\"https:\\\/\\\/www.instagram.com\\\/maprofar_informatica\\\/\",\"https:\\\/\\\/www.pinterest.es\\\/maprofar\\\/\"]}]}<\/script>\n<!-- \/ Yoast SEO Premium plugin. -->","yoast_head_json":{"title":"Approx APPLS08+ Lector de Codigos de Barras Omnidireccional","description":"Approx APPLS08+ Lector de Codigos de Barras Omnidireccional 1D\/2D - Especial Grandes Volumenes - Indicador LED y Beeper - Disparo Automatico","robots":{"index":"index","follow":"follow","max-snippet":"max-snippet:-1","max-image-preview":"max-image-preview:large","max-video-preview":"max-video-preview:-1"},"canonical":"https:\/\/www.maprofar.com\/tienda\/producto\/approx-appls08-lector-de-codigos-de-barras-omnidireccional-1d-2d-especial-grandes-volumenes-indicador-led-y-beeper-disparo-automatico\/","og_locale":"es_ES","og_type":"article","og_title":"Approx APPLS08+ Lector de Codigos de Barras Omnidireccional 1D\/2D - Especial Grandes Volumenes - Indicador LED y Beeper - Disparo Automatico - Maprofar | T\u00f3ner Compatible Brother, HP y Soluciones de Impresi\u00f3n 3D","og_description":"En Maprofar encontrar\u00e1s t\u00f3ner compatibles de calidad y material de oficina al mejor precio. Ahorra sin sacrificar rendimiento. \u00a1Aprovecha nuestras ofertas y descuentos!","og_url":"https:\/\/www.maprofar.com\/tienda\/producto\/approx-appls08-lector-de-codigos-de-barras-omnidireccional-1d-2d-especial-grandes-volumenes-indicador-led-y-beeper-disparo-automatico\/","og_site_name":"Maprofar | T\u00f3ner Compatible Brother, HP y Soluciones de Impresi\u00f3n 3D","article_publisher":"https:\/\/es-es.facebook.com\/maprofar","article_modified_time":"2025-05-27T15:12:55+00:00","og_image":[{"width":800,"height":800,"url":"https:\/\/www.maprofar.com\/tienda\/wp-content\/uploads\/2022\/09\/APPLS08_1.jpg","type":"image\/jpeg"}],"twitter_card":"summary_large_image","twitter_misc":{"Tiempo de lectura":"2 minutos"},"schema":{"@context":"https:\/\/schema.org","@graph":[{"@type":"WebPage","@id":"https:\/\/www.maprofar.com\/tienda\/producto\/approx-appls08-lector-de-codigos-de-barras-omnidireccional-1d-2d-especial-grandes-volumenes-indicador-led-y-beeper-disparo-automatico\/","url":"https:\/\/www.maprofar.com\/tienda\/producto\/approx-appls08-lector-de-codigos-de-barras-omnidireccional-1d-2d-especial-grandes-volumenes-indicador-led-y-beeper-disparo-automatico\/","name":"Approx APPLS08+ Lector de Codigos de Barras Omnidireccional","isPartOf":{"@id":"https:\/\/www.maprofar.com\/tienda\/#website"},"primaryImageOfPage":{"@id":"https:\/\/www.maprofar.com\/tienda\/producto\/approx-appls08-lector-de-codigos-de-barras-omnidireccional-1d-2d-especial-grandes-volumenes-indicador-led-y-beeper-disparo-automatico\/#primaryimage"},"image":{"@id":"https:\/\/www.maprofar.com\/tienda\/producto\/approx-appls08-lector-de-codigos-de-barras-omnidireccional-1d-2d-especial-grandes-volumenes-indicador-led-y-beeper-disparo-automatico\/#primaryimage"},"thumbnailUrl":"https:\/\/www.maprofar.com\/tienda\/wp-content\/uploads\/2022\/09\/APPLS08_1.jpg","datePublished":"2022-09-28T16:55:52+00:00","dateModified":"2025-05-27T15:12:55+00:00","description":"Approx APPLS08+ Lector de Codigos de Barras Omnidireccional 1D\/2D - Especial Grandes Volumenes - Indicador LED y Beeper - Disparo Automatico","breadcrumb":{"@id":"https:\/\/www.maprofar.com\/tienda\/producto\/approx-appls08-lector-de-codigos-de-barras-omnidireccional-1d-2d-especial-grandes-volumenes-indicador-led-y-beeper-disparo-automatico\/#breadcrumb"},"inLanguage":"es","potentialAction":[{"@type":"ReadAction","target":["https:\/\/www.maprofar.com\/tienda\/producto\/approx-appls08-lector-de-codigos-de-barras-omnidireccional-1d-2d-especial-grandes-volumenes-indicador-led-y-beeper-disparo-automatico\/"]}]},{"@type":"ImageObject","inLanguage":"es","@id":"https:\/\/www.maprofar.com\/tienda\/producto\/approx-appls08-lector-de-codigos-de-barras-omnidireccional-1d-2d-especial-grandes-volumenes-indicador-led-y-beeper-disparo-automatico\/#primaryimage","url":"https:\/\/www.maprofar.com\/tienda\/wp-content\/uploads\/2022\/09\/APPLS08_1.jpg","contentUrl":"https:\/\/www.maprofar.com\/tienda\/wp-content\/uploads\/2022\/09\/APPLS08_1.jpg","width":800,"height":800},{"@type":"BreadcrumbList","@id":"https:\/\/www.maprofar.com\/tienda\/producto\/approx-appls08-lector-de-codigos-de-barras-omnidireccional-1d-2d-especial-grandes-volumenes-indicador-led-y-beeper-disparo-automatico\/#breadcrumb","itemListElement":[{"@type":"ListItem","position":1,"name":"Portada","item":"https:\/\/www.maprofar.com\/tienda\/"},{"@type":"ListItem","position":2,"name":"Inicio","item":"https:\/\/www.maprofar.com\/tienda\/"},{"@type":"ListItem","position":3,"name":"Approx APPLS08+ Lector de Codigos de Barras Omnidireccional 1D\/2D &#8211; Especial Grandes Volumenes &#8211; Indicador LED y Beeper &#8211; Disparo Automatico"}]},{"@type":"WebSite","@id":"https:\/\/www.maprofar.com\/tienda\/#website","url":"https:\/\/www.maprofar.com\/tienda\/","name":"Maprofar - Toner Compatibles y Material de Oficina","description":"Encuentra en Maprofar tu t\u00f3ner compatible Brother y HP al mejor precio. Calidad garantizada, env\u00edo urgente 24h y asesoramiento t\u00e9cnico experto. \u00a1Vis\u00edtanos!","publisher":{"@id":"https:\/\/www.maprofar.com\/tienda\/#organization"},"alternateName":"Maprofar Inform\u00e1tica","potentialAction":[{"@type":"SearchAction","target":{"@type":"EntryPoint","urlTemplate":"https:\/\/www.maprofar.com\/tienda\/?s={search_term_string}"},"query-input":{"@type":"PropertyValueSpecification","valueRequired":true,"valueName":"search_term_string"}}],"inLanguage":"es"},{"@type":"Organization","@id":"https:\/\/www.maprofar.com\/tienda\/#organization","name":"Maprofar S.L.","url":"https:\/\/www.maprofar.com\/tienda\/","logo":{"@type":"ImageObject","inLanguage":"es","@id":"https:\/\/www.maprofar.com\/tienda\/#\/schema\/logo\/image\/","url":"https:\/\/www.maprofar.com\/tienda\/wp-content\/uploads\/2021\/05\/logo_circulo.jpg","contentUrl":"https:\/\/www.maprofar.com\/tienda\/wp-content\/uploads\/2021\/05\/logo_circulo.jpg","width":404,"height":335,"caption":"Maprofar S.L."},"image":{"@id":"https:\/\/www.maprofar.com\/tienda\/#\/schema\/logo\/image\/"},"sameAs":["https:\/\/es-es.facebook.com\/maprofar","https:\/\/www.instagram.com\/maprofar_informatica\/","https:\/\/www.pinterest.es\/maprofar\/"]}]}},"_links":{"self":[{"href":"https:\/\/www.maprofar.com\/tienda\/wp-json\/wp\/v2\/product\/8191","targetHints":{"allow":["GET"]}}],"collection":[{"href":"https:\/\/www.maprofar.com\/tienda\/wp-json\/wp\/v2\/product"}],"about":[{"href":"https:\/\/www.maprofar.com\/tienda\/wp-json\/wp\/v2\/types\/product"}],"wp:featuredmedia":[{"embeddable":true,"href":"https:\/\/www.maprofar.com\/tienda\/wp-json\/wp\/v2\/media\/8192"}],"wp:attachment":[{"href":"https:\/\/www.maprofar.com\/tienda\/wp-json\/wp\/v2\/media?parent=8191"}],"wp:term":[{"taxonomy":"product_brand","embeddable":true,"href":"https:\/\/www.maprofar.com\/tienda\/wp-json\/wp\/v2\/product_brand?post=8191"},{"taxonomy":"product_cat","embeddable":true,"href":"https:\/\/www.maprofar.com\/tienda\/wp-json\/wp\/v2\/product_cat?post=8191"},{"taxonomy":"product_tag","embeddable":true,"href":"https:\/\/www.maprofar.com\/tienda\/wp-json\/wp\/v2\/product_tag?post=8191"}],"curies":[{"name":"wp","href":"https:\/\/api.w.org\/{rel}","templated":true}]}}