{"id":8230,"date":"2022-09-30T10:06:00","date_gmt":"2022-09-30T08:06:00","guid":{"rendered":"https:\/\/www.maprofar.com\/tienda\/?post_type=product&#038;p=8230"},"modified":"2025-04-04T08:37:20","modified_gmt":"2025-04-04T06:37:20","slug":"approx-apppos80amuse-impresora-termica-de-recibos-resolucion-203dpi-velocidad-250mm-s-usb-lan-rs232-y-rj11-auto-corte-y-corte-manual","status":"publish","type":"product","link":"https:\/\/www.maprofar.com\/tienda\/producto\/approx-apppos80amuse-impresora-termica-de-recibos-resolucion-203dpi-velocidad-250mm-s-usb-lan-rs232-y-rj11-auto-corte-y-corte-manual\/","title":{"rendered":"Approx APPPOS80AMUSE Impresora Termica de Recibos &#8211; Resolucion 203dpi &#8211; Velocidad 250mm\/s &#8211; USB, LAN, RS232 y RJ11 &#8211; Auto-Corte y Corte Manual"},"content":{"rendered":"<p>Approx APPPOS80AMUSE Impresora Termica de Recibos &#8211; Resolucion 203dpi &#8211; Velocidad 250mm\/s &#8211; USB, LAN, RS232 y RJ11 &#8211; Auto-Corte y Corte Manual.<\/p>\n<p>La APPPOS80AMUSE es una impresora t\u00e9rmica de tickets compacta, fiable y r\u00e1pida. Compatible con el sistema POS. Ofrece caracter\u00edsticas importantes de f\u00e1cil manejo para el minorista, restaurantes y hosteler\u00eda. Incorpora un sistema de corte autom\u00e1tico de tickets, funciona con papel t\u00e9rmico est\u00e1ndar de ancho 80mm. (compatible tambi\u00e9n con rollos de 58mm. &#8211; accesorio no incluido). No necesita cartuchos y permite imprimir c\u00f3digos de barras y su logotipo.<\/p>\n<p>Especificaciones:<\/p>\n<p>-Impresora t\u00e9rmica con auto-corte de tickets o corte manual.<br \/>\n-Funciona con papel t\u00e9rmica est\u00e1ndar de 80mm. (accesorio opcional para 58mm. no incluido).<br \/>\n-F\u00e1cil carga de papel.<br \/>\n-M\u00e9todo de impresi\u00f3n: t\u00e9rmico directo de 203dpi de resoluci\u00f3n.<br \/>\n-Velocidad 250mm\/s.<br \/>\n-No necesita cartuchos.<br \/>\n-Imprime c\u00f3digo de barras y logotipos.<br \/>\n-Incluye papel t\u00e9rmico.<br \/>\n-Comando soportado: ESC\/POS.<br \/>\n-C\u00f3digos de barras: UPC-A, UPC-E, Code 39, Code 93, Code 128, JAN8 y JAN13 (EAN),<br \/>\nITF, Codabar.<\/p>\n<p>Contenido del embalaje:<\/p>\n<p>-APPPOS80AMUSE<br \/>\n-Cable USB<br \/>\n-Un rollo de papel<br \/>\n-Gu\u00eda r\u00e1pida de instalaci\u00f3n<br \/>\n-CD de instalaci\u00f3n<br \/>\n-Adaptador de corriente<\/p>\n<p><span style=\"color: #999999;\">Comprar Approx APPPOS80AMUSE Impresora Termica de Recibos &#8211; Resolucion 203dpi &#8211; Velocidad 250mm\/s &#8211; USB, LAN, RS232 y RJ11 &#8211; Auto-Corte y Corte Manual<\/span><\/p>\n","protected":false},"excerpt":{"rendered":"<p class=\"titulo_subseccion_da\">CARACTER\u00cdSTICAS<\/p>\n<div class=\"listado_caracteristicas_da\"><span class=\"linea_datos_da\">\u2022 Marca:\u00a0<span class=\"gris_400\" title=\"Approx\">Approx<\/span><\/span><\/div>\n<div class=\"listado_caracteristicas_da\"><span class=\"linea_datos_da\" title=\"Negro\">\u2022 Color:\u00a0<span class=\"gris_400\">Negro<\/span><\/span><\/div>\n<div class=\"listado_caracteristicas_da\"><span class=\"linea_datos_da\" title=\"Approx\">\u2022 Fabricante:\u00a0<span class=\"gris_400\">Approx<\/span><\/span><\/div>\n<div class=\"listado_caracteristicas_da\"><span class=\"linea_datos_da\" title=\"APPPOS80AMUSE\">\u2022 Ref.:\u00a0<span class=\"gris_400\">APPPOS80AMUSE<\/span><\/span><\/div>\n","protected":false},"featured_media":8231,"template":"","meta":[],"product_brand":[],"product_cat":[182],"product_tag":[],"class_list":{"0":"post-8230","1":"product","2":"type-product","3":"status-publish","4":"has-post-thumbnail","6":"product_cat-impresoras-de-tickets","8":"first","9":"instock","10":"taxable","11":"shipping-taxable","12":"purchasable","13":"product-type-simple"},"yoast_head":"<!-- This site is optimized with the Yoast SEO Premium plugin v22.3 (Yoast SEO v27.4) - https:\/\/yoast.com\/product\/yoast-seo-premium-wordpress\/ -->\n<title>Approx APPPOS80AMUSE Impresora Termica de Recibos<\/title>\n<meta name=\"description\" content=\"Approx APPPOS80AMUSE Impresora Termica de Recibos - Resolucion 203dpi - Velocidad 250mm\/s - USB, LAN, RS232 y RJ11 - Auto-Corte y Corte Manual\" \/>\n<meta name=\"robots\" content=\"index, follow, max-snippet:-1, max-image-preview:large, max-video-preview:-1\" \/>\n<link rel=\"canonical\" href=\"https:\/\/www.maprofar.com\/tienda\/producto\/approx-apppos80amuse-impresora-termica-de-recibos-resolucion-203dpi-velocidad-250mm-s-usb-lan-rs232-y-rj11-auto-corte-y-corte-manual\/\" \/>\n<meta property=\"og:locale\" content=\"es_ES\" \/>\n<meta property=\"og:type\" content=\"article\" \/>\n<meta property=\"og:title\" content=\"Approx APPPOS80AMUSE Impresora Termica de Recibos - Resolucion 203dpi - Velocidad 250mm\/s - USB, LAN, RS232 y RJ11 - Auto-Corte y Corte Manual - Maprofar | T\u00f3ner Compatible Brother, HP y Soluciones de Impresi\u00f3n 3D\" \/>\n<meta property=\"og:description\" content=\"En Maprofar encontrar\u00e1s t\u00f3ner compatibles de calidad y material de oficina al mejor precio. Ahorra sin sacrificar rendimiento. \u00a1Aprovecha nuestras ofertas y descuentos!\" \/>\n<meta property=\"og:url\" content=\"https:\/\/www.maprofar.com\/tienda\/producto\/approx-apppos80amuse-impresora-termica-de-recibos-resolucion-203dpi-velocidad-250mm-s-usb-lan-rs232-y-rj11-auto-corte-y-corte-manual\/\" \/>\n<meta property=\"og:site_name\" content=\"Maprofar | T\u00f3ner Compatible Brother, HP y Soluciones de Impresi\u00f3n 3D\" \/>\n<meta property=\"article:publisher\" content=\"https:\/\/es-es.facebook.com\/maprofar\" \/>\n<meta property=\"article:modified_time\" content=\"2025-04-04T06:37:20+00:00\" \/>\n<meta property=\"og:image\" content=\"https:\/\/www.maprofar.com\/tienda\/wp-content\/uploads\/2022\/09\/APPPOS80AMUSE.jpg\" \/>\n\t<meta property=\"og:image:width\" content=\"800\" \/>\n\t<meta property=\"og:image:height\" content=\"800\" \/>\n\t<meta property=\"og:image:type\" content=\"image\/jpeg\" \/>\n<meta name=\"twitter:card\" content=\"summary_large_image\" \/>\n<meta name=\"twitter:label1\" content=\"Tiempo de lectura\" \/>\n\t<meta name=\"twitter:data1\" content=\"1 minuto\" \/>\n<script type=\"application\/ld+json\" class=\"yoast-schema-graph\">{\"@context\":\"https:\\\/\\\/schema.org\",\"@graph\":[{\"@type\":\"WebPage\",\"@id\":\"https:\\\/\\\/www.maprofar.com\\\/tienda\\\/producto\\\/approx-apppos80amuse-impresora-termica-de-recibos-resolucion-203dpi-velocidad-250mm-s-usb-lan-rs232-y-rj11-auto-corte-y-corte-manual\\\/\",\"url\":\"https:\\\/\\\/www.maprofar.com\\\/tienda\\\/producto\\\/approx-apppos80amuse-impresora-termica-de-recibos-resolucion-203dpi-velocidad-250mm-s-usb-lan-rs232-y-rj11-auto-corte-y-corte-manual\\\/\",\"name\":\"Approx APPPOS80AMUSE Impresora Termica de Recibos\",\"isPartOf\":{\"@id\":\"https:\\\/\\\/www.maprofar.com\\\/tienda\\\/#website\"},\"primaryImageOfPage\":{\"@id\":\"https:\\\/\\\/www.maprofar.com\\\/tienda\\\/producto\\\/approx-apppos80amuse-impresora-termica-de-recibos-resolucion-203dpi-velocidad-250mm-s-usb-lan-rs232-y-rj11-auto-corte-y-corte-manual\\\/#primaryimage\"},\"image\":{\"@id\":\"https:\\\/\\\/www.maprofar.com\\\/tienda\\\/producto\\\/approx-apppos80amuse-impresora-termica-de-recibos-resolucion-203dpi-velocidad-250mm-s-usb-lan-rs232-y-rj11-auto-corte-y-corte-manual\\\/#primaryimage\"},\"thumbnailUrl\":\"https:\\\/\\\/www.maprofar.com\\\/tienda\\\/wp-content\\\/uploads\\\/2022\\\/09\\\/APPPOS80AMUSE.jpg\",\"datePublished\":\"2022-09-30T08:06:00+00:00\",\"dateModified\":\"2025-04-04T06:37:20+00:00\",\"description\":\"Approx APPPOS80AMUSE Impresora Termica de Recibos - Resolucion 203dpi - Velocidad 250mm\\\/s - USB, LAN, RS232 y RJ11 - Auto-Corte y Corte Manual\",\"breadcrumb\":{\"@id\":\"https:\\\/\\\/www.maprofar.com\\\/tienda\\\/producto\\\/approx-apppos80amuse-impresora-termica-de-recibos-resolucion-203dpi-velocidad-250mm-s-usb-lan-rs232-y-rj11-auto-corte-y-corte-manual\\\/#breadcrumb\"},\"inLanguage\":\"es\",\"potentialAction\":[{\"@type\":\"ReadAction\",\"target\":[\"https:\\\/\\\/www.maprofar.com\\\/tienda\\\/producto\\\/approx-apppos80amuse-impresora-termica-de-recibos-resolucion-203dpi-velocidad-250mm-s-usb-lan-rs232-y-rj11-auto-corte-y-corte-manual\\\/\"]}]},{\"@type\":\"ImageObject\",\"inLanguage\":\"es\",\"@id\":\"https:\\\/\\\/www.maprofar.com\\\/tienda\\\/producto\\\/approx-apppos80amuse-impresora-termica-de-recibos-resolucion-203dpi-velocidad-250mm-s-usb-lan-rs232-y-rj11-auto-corte-y-corte-manual\\\/#primaryimage\",\"url\":\"https:\\\/\\\/www.maprofar.com\\\/tienda\\\/wp-content\\\/uploads\\\/2022\\\/09\\\/APPPOS80AMUSE.jpg\",\"contentUrl\":\"https:\\\/\\\/www.maprofar.com\\\/tienda\\\/wp-content\\\/uploads\\\/2022\\\/09\\\/APPPOS80AMUSE.jpg\",\"width\":800,\"height\":800,\"caption\":\"Approx APPPOS80AMUSE Impresora Termica de Recibos - Resolucion 203dpi - Velocidad 250mm\\\/s - USB, LAN, RS232 y RJ11 - Auto-Corte y Corte Manual\"},{\"@type\":\"BreadcrumbList\",\"@id\":\"https:\\\/\\\/www.maprofar.com\\\/tienda\\\/producto\\\/approx-apppos80amuse-impresora-termica-de-recibos-resolucion-203dpi-velocidad-250mm-s-usb-lan-rs232-y-rj11-auto-corte-y-corte-manual\\\/#breadcrumb\",\"itemListElement\":[{\"@type\":\"ListItem\",\"position\":1,\"name\":\"Portada\",\"item\":\"https:\\\/\\\/www.maprofar.com\\\/tienda\\\/\"},{\"@type\":\"ListItem\",\"position\":2,\"name\":\"Inicio\",\"item\":\"https:\\\/\\\/www.maprofar.com\\\/tienda\\\/\"},{\"@type\":\"ListItem\",\"position\":3,\"name\":\"Approx APPPOS80AMUSE Impresora Termica de Recibos &#8211; Resolucion 203dpi &#8211; Velocidad 250mm\\\/s &#8211; USB, LAN, RS232 y RJ11 &#8211; Auto-Corte y Corte Manual\"}]},{\"@type\":\"WebSite\",\"@id\":\"https:\\\/\\\/www.maprofar.com\\\/tienda\\\/#website\",\"url\":\"https:\\\/\\\/www.maprofar.com\\\/tienda\\\/\",\"name\":\"Maprofar - Toner Compatibles y Material de Oficina\",\"description\":\"Encuentra en Maprofar tu t\u00f3ner compatible Brother y HP al mejor precio. Calidad garantizada, env\u00edo urgente 24h y asesoramiento t\u00e9cnico experto. \u00a1Vis\u00edtanos!\",\"publisher\":{\"@id\":\"https:\\\/\\\/www.maprofar.com\\\/tienda\\\/#organization\"},\"alternateName\":\"Maprofar Inform\u00e1tica\",\"potentialAction\":[{\"@type\":\"SearchAction\",\"target\":{\"@type\":\"EntryPoint\",\"urlTemplate\":\"https:\\\/\\\/www.maprofar.com\\\/tienda\\\/?s={search_term_string}\"},\"query-input\":{\"@type\":\"PropertyValueSpecification\",\"valueRequired\":true,\"valueName\":\"search_term_string\"}}],\"inLanguage\":\"es\"},{\"@type\":\"Organization\",\"@id\":\"https:\\\/\\\/www.maprofar.com\\\/tienda\\\/#organization\",\"name\":\"Maprofar S.L.\",\"url\":\"https:\\\/\\\/www.maprofar.com\\\/tienda\\\/\",\"logo\":{\"@type\":\"ImageObject\",\"inLanguage\":\"es\",\"@id\":\"https:\\\/\\\/www.maprofar.com\\\/tienda\\\/#\\\/schema\\\/logo\\\/image\\\/\",\"url\":\"https:\\\/\\\/www.maprofar.com\\\/tienda\\\/wp-content\\\/uploads\\\/2021\\\/05\\\/logo_circulo.jpg\",\"contentUrl\":\"https:\\\/\\\/www.maprofar.com\\\/tienda\\\/wp-content\\\/uploads\\\/2021\\\/05\\\/logo_circulo.jpg\",\"width\":404,\"height\":335,\"caption\":\"Maprofar S.L.\"},\"image\":{\"@id\":\"https:\\\/\\\/www.maprofar.com\\\/tienda\\\/#\\\/schema\\\/logo\\\/image\\\/\"},\"sameAs\":[\"https:\\\/\\\/es-es.facebook.com\\\/maprofar\",\"https:\\\/\\\/www.instagram.com\\\/maprofar_informatica\\\/\",\"https:\\\/\\\/www.pinterest.es\\\/maprofar\\\/\"]}]}<\/script>\n<!-- \/ Yoast SEO Premium plugin. -->","yoast_head_json":{"title":"Approx APPPOS80AMUSE Impresora Termica de Recibos","description":"Approx APPPOS80AMUSE Impresora Termica de Recibos - Resolucion 203dpi - Velocidad 250mm\/s - USB, LAN, RS232 y RJ11 - Auto-Corte y Corte Manual","robots":{"index":"index","follow":"follow","max-snippet":"max-snippet:-1","max-image-preview":"max-image-preview:large","max-video-preview":"max-video-preview:-1"},"canonical":"https:\/\/www.maprofar.com\/tienda\/producto\/approx-apppos80amuse-impresora-termica-de-recibos-resolucion-203dpi-velocidad-250mm-s-usb-lan-rs232-y-rj11-auto-corte-y-corte-manual\/","og_locale":"es_ES","og_type":"article","og_title":"Approx APPPOS80AMUSE Impresora Termica de Recibos - Resolucion 203dpi - Velocidad 250mm\/s - USB, LAN, RS232 y RJ11 - Auto-Corte y Corte Manual - Maprofar | T\u00f3ner Compatible Brother, HP y Soluciones de Impresi\u00f3n 3D","og_description":"En Maprofar encontrar\u00e1s t\u00f3ner compatibles de calidad y material de oficina al mejor precio. Ahorra sin sacrificar rendimiento. \u00a1Aprovecha nuestras ofertas y descuentos!","og_url":"https:\/\/www.maprofar.com\/tienda\/producto\/approx-apppos80amuse-impresora-termica-de-recibos-resolucion-203dpi-velocidad-250mm-s-usb-lan-rs232-y-rj11-auto-corte-y-corte-manual\/","og_site_name":"Maprofar | T\u00f3ner Compatible Brother, HP y Soluciones de Impresi\u00f3n 3D","article_publisher":"https:\/\/es-es.facebook.com\/maprofar","article_modified_time":"2025-04-04T06:37:20+00:00","og_image":[{"width":800,"height":800,"url":"https:\/\/www.maprofar.com\/tienda\/wp-content\/uploads\/2022\/09\/APPPOS80AMUSE.jpg","type":"image\/jpeg"}],"twitter_card":"summary_large_image","twitter_misc":{"Tiempo de lectura":"1 minuto"},"schema":{"@context":"https:\/\/schema.org","@graph":[{"@type":"WebPage","@id":"https:\/\/www.maprofar.com\/tienda\/producto\/approx-apppos80amuse-impresora-termica-de-recibos-resolucion-203dpi-velocidad-250mm-s-usb-lan-rs232-y-rj11-auto-corte-y-corte-manual\/","url":"https:\/\/www.maprofar.com\/tienda\/producto\/approx-apppos80amuse-impresora-termica-de-recibos-resolucion-203dpi-velocidad-250mm-s-usb-lan-rs232-y-rj11-auto-corte-y-corte-manual\/","name":"Approx APPPOS80AMUSE Impresora Termica de Recibos","isPartOf":{"@id":"https:\/\/www.maprofar.com\/tienda\/#website"},"primaryImageOfPage":{"@id":"https:\/\/www.maprofar.com\/tienda\/producto\/approx-apppos80amuse-impresora-termica-de-recibos-resolucion-203dpi-velocidad-250mm-s-usb-lan-rs232-y-rj11-auto-corte-y-corte-manual\/#primaryimage"},"image":{"@id":"https:\/\/www.maprofar.com\/tienda\/producto\/approx-apppos80amuse-impresora-termica-de-recibos-resolucion-203dpi-velocidad-250mm-s-usb-lan-rs232-y-rj11-auto-corte-y-corte-manual\/#primaryimage"},"thumbnailUrl":"https:\/\/www.maprofar.com\/tienda\/wp-content\/uploads\/2022\/09\/APPPOS80AMUSE.jpg","datePublished":"2022-09-30T08:06:00+00:00","dateModified":"2025-04-04T06:37:20+00:00","description":"Approx APPPOS80AMUSE Impresora Termica de Recibos - Resolucion 203dpi - Velocidad 250mm\/s - USB, LAN, RS232 y RJ11 - Auto-Corte y Corte Manual","breadcrumb":{"@id":"https:\/\/www.maprofar.com\/tienda\/producto\/approx-apppos80amuse-impresora-termica-de-recibos-resolucion-203dpi-velocidad-250mm-s-usb-lan-rs232-y-rj11-auto-corte-y-corte-manual\/#breadcrumb"},"inLanguage":"es","potentialAction":[{"@type":"ReadAction","target":["https:\/\/www.maprofar.com\/tienda\/producto\/approx-apppos80amuse-impresora-termica-de-recibos-resolucion-203dpi-velocidad-250mm-s-usb-lan-rs232-y-rj11-auto-corte-y-corte-manual\/"]}]},{"@type":"ImageObject","inLanguage":"es","@id":"https:\/\/www.maprofar.com\/tienda\/producto\/approx-apppos80amuse-impresora-termica-de-recibos-resolucion-203dpi-velocidad-250mm-s-usb-lan-rs232-y-rj11-auto-corte-y-corte-manual\/#primaryimage","url":"https:\/\/www.maprofar.com\/tienda\/wp-content\/uploads\/2022\/09\/APPPOS80AMUSE.jpg","contentUrl":"https:\/\/www.maprofar.com\/tienda\/wp-content\/uploads\/2022\/09\/APPPOS80AMUSE.jpg","width":800,"height":800,"caption":"Approx APPPOS80AMUSE Impresora Termica de Recibos - Resolucion 203dpi - Velocidad 250mm\/s - USB, LAN, RS232 y RJ11 - Auto-Corte y Corte Manual"},{"@type":"BreadcrumbList","@id":"https:\/\/www.maprofar.com\/tienda\/producto\/approx-apppos80amuse-impresora-termica-de-recibos-resolucion-203dpi-velocidad-250mm-s-usb-lan-rs232-y-rj11-auto-corte-y-corte-manual\/#breadcrumb","itemListElement":[{"@type":"ListItem","position":1,"name":"Portada","item":"https:\/\/www.maprofar.com\/tienda\/"},{"@type":"ListItem","position":2,"name":"Inicio","item":"https:\/\/www.maprofar.com\/tienda\/"},{"@type":"ListItem","position":3,"name":"Approx APPPOS80AMUSE Impresora Termica de Recibos &#8211; Resolucion 203dpi &#8211; Velocidad 250mm\/s &#8211; USB, LAN, RS232 y RJ11 &#8211; Auto-Corte y Corte Manual"}]},{"@type":"WebSite","@id":"https:\/\/www.maprofar.com\/tienda\/#website","url":"https:\/\/www.maprofar.com\/tienda\/","name":"Maprofar - Toner Compatibles y Material de Oficina","description":"Encuentra en Maprofar tu t\u00f3ner compatible Brother y HP al mejor precio. Calidad garantizada, env\u00edo urgente 24h y asesoramiento t\u00e9cnico experto. \u00a1Vis\u00edtanos!","publisher":{"@id":"https:\/\/www.maprofar.com\/tienda\/#organization"},"alternateName":"Maprofar Inform\u00e1tica","potentialAction":[{"@type":"SearchAction","target":{"@type":"EntryPoint","urlTemplate":"https:\/\/www.maprofar.com\/tienda\/?s={search_term_string}"},"query-input":{"@type":"PropertyValueSpecification","valueRequired":true,"valueName":"search_term_string"}}],"inLanguage":"es"},{"@type":"Organization","@id":"https:\/\/www.maprofar.com\/tienda\/#organization","name":"Maprofar S.L.","url":"https:\/\/www.maprofar.com\/tienda\/","logo":{"@type":"ImageObject","inLanguage":"es","@id":"https:\/\/www.maprofar.com\/tienda\/#\/schema\/logo\/image\/","url":"https:\/\/www.maprofar.com\/tienda\/wp-content\/uploads\/2021\/05\/logo_circulo.jpg","contentUrl":"https:\/\/www.maprofar.com\/tienda\/wp-content\/uploads\/2021\/05\/logo_circulo.jpg","width":404,"height":335,"caption":"Maprofar S.L."},"image":{"@id":"https:\/\/www.maprofar.com\/tienda\/#\/schema\/logo\/image\/"},"sameAs":["https:\/\/es-es.facebook.com\/maprofar","https:\/\/www.instagram.com\/maprofar_informatica\/","https:\/\/www.pinterest.es\/maprofar\/"]}]}},"_links":{"self":[{"href":"https:\/\/www.maprofar.com\/tienda\/wp-json\/wp\/v2\/product\/8230","targetHints":{"allow":["GET"]}}],"collection":[{"href":"https:\/\/www.maprofar.com\/tienda\/wp-json\/wp\/v2\/product"}],"about":[{"href":"https:\/\/www.maprofar.com\/tienda\/wp-json\/wp\/v2\/types\/product"}],"wp:featuredmedia":[{"embeddable":true,"href":"https:\/\/www.maprofar.com\/tienda\/wp-json\/wp\/v2\/media\/8231"}],"wp:attachment":[{"href":"https:\/\/www.maprofar.com\/tienda\/wp-json\/wp\/v2\/media?parent=8230"}],"wp:term":[{"taxonomy":"product_brand","embeddable":true,"href":"https:\/\/www.maprofar.com\/tienda\/wp-json\/wp\/v2\/product_brand?post=8230"},{"taxonomy":"product_cat","embeddable":true,"href":"https:\/\/www.maprofar.com\/tienda\/wp-json\/wp\/v2\/product_cat?post=8230"},{"taxonomy":"product_tag","embeddable":true,"href":"https:\/\/www.maprofar.com\/tienda\/wp-json\/wp\/v2\/product_tag?post=8230"}],"curies":[{"name":"wp","href":"https:\/\/api.w.org\/{rel}","templated":true}]}}