{"id":8391,"date":"2022-11-11T13:24:19","date_gmt":"2022-11-11T11:24:19","guid":{"rendered":"https:\/\/www.maprofar.com\/tienda\/?post_type=product&#038;p=8391"},"modified":"2025-12-12T10:39:41","modified_gmt":"2025-12-12T09:39:41","slug":"brother-ds940w-escaner-portatil-wifi-hasta-30ppm-doble-cara","status":"publish","type":"product","link":"https:\/\/www.maprofar.com\/tienda\/producto\/brother-ds940w-escaner-portatil-wifi-hasta-30ppm-doble-cara\/","title":{"rendered":"Brother DS940W Escaner Portatil WiFi &#8211; Hasta 30ppm &#8211; Doble Cara"},"content":{"rendered":"<p>Brother DS940W Escaner Portatil WiFi &#8211; Hasta 30ppm &#8211; Doble Cara<\/p>\n<p>Esc\u00e1ner en color a doble cara para profesionales en movilidad, sin necesidad de usar con el ordenador. Escanea con el Brother DS-940DW de forma sencilla tarjetas de visita, tarjetas pl\u00e1sticas, fotos, tickets o documentos A4. Incluye WiFi, bater\u00eda y acepta tarjeta micro SD. Sistema de alimentaci\u00f3n \u00abU-path\u00bb para escaneado en espacios reducidos.<\/p>\n<p>Caracter\u00edsticas:<\/p>\n<p>-Doble cara autom\u00e1tico.<br \/>\n-15hpm \/ 30ppm en A4 a 300 ppp (color y monocromo).<br \/>\n-Interfaz USB 3.0 y WiFi.<br \/>\n-Bateria recargable incorporada.<br \/>\n-Escanea a: Imagen, e-mail, archivo, app, impresora, carpeta compartida en red, tarjeta microSD, OCR y nube.<br \/>\n-Paquete de software profesional incluido.<\/p>\n<p>Especificaciones:<\/p>\n<p>Exploraci\u00f3n:<\/p>\n<p>-Tama\u00f1o m\u00e1ximo de escaneado: 215,9 x 1828,8 mm<br \/>\n-Resoluci\u00f3n \u00f3ptica de esc\u00e1ner: 600 x 600 DPI<br \/>\n-Resoluci\u00f3n de escaneado mejorada: 1200 x 1200 DPI<br \/>\n-Esc\u00e1ner a color: Si<br \/>\n-Escaneado d\u00faplex: Si<br \/>\n-Profundidad de entrada de color: 48 bit<br \/>\n-Profundidad de salida de color: 24 bit<br \/>\n-Velocidad de escaneo ADF (b\/n, A4): 15 ppm<br \/>\n-Velocidad de escaneo ADF (color, A4): 15 ppm<br \/>\n-Velocidad de escaneo ADF duplex (color, A4): 30 ipm<br \/>\n-Modos de color de escaneado Negro \/ blanco: Escala de grises, Monocromo<\/p>\n<p>Dise\u00f1o:<\/p>\n<p>-Tipo de escaneado: Esc\u00e1ner alimentado con hojas<br \/>\n-Color del producto: Negro, Blanco<br \/>\n-Pantalla incorporada: No<\/p>\n<p>Desempe\u00f1o:<\/p>\n<p>-Escanear a: Correo electr\u00f3nico, Archivo, Imagen, OCR<br \/>\n-Controladores de escaneado: ICA,SANE,TWAIN,WIA<br \/>\n-Nivel de ruido de escaneado: 53 dB<br \/>\n-Nivel de presi\u00f3n sonora (Max): 42 dB<br \/>\n-Memoria interna: 512 MB<br \/>\n-Tarjetas de memoria compatibles: MicroSD (TransFlash)<\/p>\n<p>Capacidad de la entrada:<\/p>\n<p>-Capacidad de entrada est\u00e1ndar: 1 hojas<\/p>\n<p>Direcci\u00f3n de papel:<\/p>\n<p>-Espesor de la tarjeta (m\u00e1x.): 1,24 mm<br \/>\n-Tipos de media soportados de escaneo: Tarjeta de visita, Papel normal, Tarjeta de pl\u00e1stico<br \/>\n-Tama\u00f1o m\u00e1ximo de papel ISO A-series: A4<br \/>\n-Anchura m\u00e1xima de escaneo: 21,6 cm<br \/>\n-Longitud m\u00e1xima de escaneado: 182,9 cm<\/p>\n<p>Puertos e Interfaces:<\/p>\n<p>-Puerto USB: Si<br \/>\n-Versi\u00f3n USB: 3.2 Gen 1 (3.1 Gen 1)<br \/>\n-Conector USB: Micro-USB B<br \/>\n-Interfaz est\u00e1ndar: USB 3.2 Gen 1 (3.1 Gen 1), LAN inal\u00e1mbrica<\/p>\n<p>Control de energ\u00eda:<\/p>\n<p>-Tipo de fuente de alimentaci\u00f3n: USB<br \/>\n-Consumo energ\u00e9tico: 3,6 W<br \/>\n-Consumo de energ\u00eda (inactivo): 2,2 W<br \/>\n-Consumo de energ\u00eda (apagado): 0,11 W<\/p>\n<p>Conexi\u00f3n:<\/p>\n<p>-Wifi: Si<br \/>\n-Wi-Fi est\u00e1ndares: 802.11b,802.11g,Wi-Fi 4 (802.11n)<br \/>\n-Algoritmos de seguridad soportados: 64-bit WEP,128-bit WEP,WPA-AES,WPA-PSK,WPA-TKIP,WPA2-AES,WPA2-PSK<br \/>\nWi-Fi Direct: Si<br \/>\n-Protocolos de network soportados (IPv4): DHCP, APIPA (Auto IP), WINS\/NetBIOS, DNS Resolver, mDNS, SNMPv1\/v2c, ICMP, Web Services(Scan), HTTP\/HTTPS server, LLMNR responder,SNTP Client<\/p>\n<p>Requisitos del sistema:<\/p>\n<p>-Sistema operativo Windows soportado: Si<br \/>\n-Sistema operativo MAC soportado: Si<br \/>\n-Sistema operativo Linux soportado: Si<\/p>\n<p>Condiciones ambientales:<\/p>\n<p>-Intervalo de temperatura operativa: 5 &#8211; 35 \u00b0C<br \/>\n-Intervalo de temperatura de almacenaje: -20 &#8211; 60 \u00b0C<br \/>\n-Intervalo de humedad relativa para funcionamiento: 20 &#8211; 80%<br \/>\n-Intervalo de humedad relativa durante almacenaje: 10 &#8211; 90%<\/p>\n<p>Peso y dimensiones:<\/p>\n<p>-Ancho: 319 mm<br \/>\n-Profundidad: 63.1 mm<br \/>\n-Altura: 45,4 mm<br \/>\n-Peso: 699 g<\/p>\n<p><span style=\"color: #999999;\">Comprar Brother DS940W Escaner Portatil WiFi &#8211; Hasta 30ppm &#8211; Doble Cara<\/span><\/p>\n","protected":false},"excerpt":{"rendered":"<p class=\"titulo_subseccion_da\">CARACTER\u00cdSTICAS<\/p>\n<div class=\"listado_caracteristicas_da\"><span class=\"linea_datos_da\">\u2022 Marca:\u00a0<span class=\"gris_400\" title=\"Brother\">Brother<\/span><\/span><\/div>\n<div class=\"listado_caracteristicas_da\"><span class=\"linea_datos_da\" title=\"Blanco\">\u2022 Color:\u00a0<span class=\"gris_400\">Blanco<\/span><\/span><\/div>\n<div class=\"listado_caracteristicas_da\"><span class=\"linea_datos_da\" title=\"BROTHER\">\u2022 Fabricante:\u00a0<span class=\"gris_400\">BROTHER<\/span><\/span><\/div>\n<div class=\"listado_caracteristicas_da\"><span class=\"linea_datos_da\" title=\"DS940DW\">\u2022 Ref.:\u00a0<span class=\"gris_400\">DS940DW<\/span><\/span><\/div>\n","protected":false},"featured_media":8392,"template":"","meta":[],"product_brand":[],"product_cat":[193],"product_tag":[],"class_list":{"0":"post-8391","1":"product","2":"type-product","3":"status-publish","4":"has-post-thumbnail","6":"product_cat-escaner","8":"first","9":"outofstock","10":"taxable","11":"shipping-taxable","12":"purchasable","13":"product-type-simple"},"yoast_head":"<!-- This site is optimized with the Yoast SEO Premium plugin v22.3 (Yoast SEO v27.4) - https:\/\/yoast.com\/product\/yoast-seo-premium-wordpress\/ -->\n<title>Brother DS940W Escaner Portatil WiFi - Hasta 30ppm - Doble Cara<\/title>\n<meta name=\"description\" content=\"Brother DS940W Escaner Portatil WiFi - Hasta 30ppm - Doble Cara - Maprofar | T\u00f3ner Compatible Brother, HP y Soluciones de Impresi\u00f3n 3D\" \/>\n<meta name=\"robots\" content=\"index, follow, max-snippet:-1, max-image-preview:large, max-video-preview:-1\" \/>\n<link rel=\"canonical\" href=\"https:\/\/www.maprofar.com\/tienda\/producto\/brother-ds940w-escaner-portatil-wifi-hasta-30ppm-doble-cara\/\" \/>\n<meta property=\"og:locale\" content=\"es_ES\" \/>\n<meta property=\"og:type\" content=\"article\" \/>\n<meta property=\"og:title\" content=\"Brother DS940W Escaner Portatil WiFi - Hasta 30ppm - Doble Cara - Maprofar | T\u00f3ner Compatible Brother, HP y Soluciones de Impresi\u00f3n 3D\" \/>\n<meta property=\"og:description\" content=\"En Maprofar encontrar\u00e1s t\u00f3ner compatibles de calidad y material de oficina al mejor precio. Ahorra sin sacrificar rendimiento. \u00a1Aprovecha nuestras ofertas y descuentos!\" \/>\n<meta property=\"og:url\" content=\"https:\/\/www.maprofar.com\/tienda\/producto\/brother-ds940w-escaner-portatil-wifi-hasta-30ppm-doble-cara\/\" \/>\n<meta property=\"og:site_name\" content=\"Maprofar | T\u00f3ner Compatible Brother, HP y Soluciones de Impresi\u00f3n 3D\" \/>\n<meta property=\"article:publisher\" content=\"https:\/\/es-es.facebook.com\/maprofar\" \/>\n<meta property=\"article:modified_time\" content=\"2025-12-12T09:39:41+00:00\" \/>\n<meta property=\"og:image\" content=\"https:\/\/www.maprofar.com\/tienda\/wp-content\/uploads\/2022\/11\/DS940DW_1.jpg\" \/>\n\t<meta property=\"og:image:width\" content=\"530\" \/>\n\t<meta property=\"og:image:height\" content=\"530\" \/>\n\t<meta property=\"og:image:type\" content=\"image\/jpeg\" \/>\n<meta name=\"twitter:card\" content=\"summary_large_image\" \/>\n<meta name=\"twitter:label1\" content=\"Tiempo de lectura\" \/>\n\t<meta name=\"twitter:data1\" content=\"3 minutos\" \/>\n<script type=\"application\/ld+json\" class=\"yoast-schema-graph\">{\"@context\":\"https:\\\/\\\/schema.org\",\"@graph\":[{\"@type\":\"WebPage\",\"@id\":\"https:\\\/\\\/www.maprofar.com\\\/tienda\\\/producto\\\/brother-ds940w-escaner-portatil-wifi-hasta-30ppm-doble-cara\\\/\",\"url\":\"https:\\\/\\\/www.maprofar.com\\\/tienda\\\/producto\\\/brother-ds940w-escaner-portatil-wifi-hasta-30ppm-doble-cara\\\/\",\"name\":\"Brother DS940W Escaner Portatil WiFi - Hasta 30ppm - Doble Cara\",\"isPartOf\":{\"@id\":\"https:\\\/\\\/www.maprofar.com\\\/tienda\\\/#website\"},\"primaryImageOfPage\":{\"@id\":\"https:\\\/\\\/www.maprofar.com\\\/tienda\\\/producto\\\/brother-ds940w-escaner-portatil-wifi-hasta-30ppm-doble-cara\\\/#primaryimage\"},\"image\":{\"@id\":\"https:\\\/\\\/www.maprofar.com\\\/tienda\\\/producto\\\/brother-ds940w-escaner-portatil-wifi-hasta-30ppm-doble-cara\\\/#primaryimage\"},\"thumbnailUrl\":\"https:\\\/\\\/www.maprofar.com\\\/tienda\\\/wp-content\\\/uploads\\\/2022\\\/11\\\/DS940DW_1.jpg\",\"datePublished\":\"2022-11-11T11:24:19+00:00\",\"dateModified\":\"2025-12-12T09:39:41+00:00\",\"description\":\"Brother DS940W Escaner Portatil WiFi - Hasta 30ppm - Doble Cara - Maprofar | T\u00f3ner Compatible Brother, HP y Soluciones de Impresi\u00f3n 3D\",\"breadcrumb\":{\"@id\":\"https:\\\/\\\/www.maprofar.com\\\/tienda\\\/producto\\\/brother-ds940w-escaner-portatil-wifi-hasta-30ppm-doble-cara\\\/#breadcrumb\"},\"inLanguage\":\"es\",\"potentialAction\":[{\"@type\":\"ReadAction\",\"target\":[\"https:\\\/\\\/www.maprofar.com\\\/tienda\\\/producto\\\/brother-ds940w-escaner-portatil-wifi-hasta-30ppm-doble-cara\\\/\"]}]},{\"@type\":\"ImageObject\",\"inLanguage\":\"es\",\"@id\":\"https:\\\/\\\/www.maprofar.com\\\/tienda\\\/producto\\\/brother-ds940w-escaner-portatil-wifi-hasta-30ppm-doble-cara\\\/#primaryimage\",\"url\":\"https:\\\/\\\/www.maprofar.com\\\/tienda\\\/wp-content\\\/uploads\\\/2022\\\/11\\\/DS940DW_1.jpg\",\"contentUrl\":\"https:\\\/\\\/www.maprofar.com\\\/tienda\\\/wp-content\\\/uploads\\\/2022\\\/11\\\/DS940DW_1.jpg\",\"width\":530,\"height\":530,\"caption\":\"Brother DS940W Escaner Portatil WiFi - Hasta 30ppm - Doble Cara\"},{\"@type\":\"BreadcrumbList\",\"@id\":\"https:\\\/\\\/www.maprofar.com\\\/tienda\\\/producto\\\/brother-ds940w-escaner-portatil-wifi-hasta-30ppm-doble-cara\\\/#breadcrumb\",\"itemListElement\":[{\"@type\":\"ListItem\",\"position\":1,\"name\":\"Portada\",\"item\":\"https:\\\/\\\/www.maprofar.com\\\/tienda\\\/\"},{\"@type\":\"ListItem\",\"position\":2,\"name\":\"Inicio\",\"item\":\"https:\\\/\\\/www.maprofar.com\\\/tienda\\\/\"},{\"@type\":\"ListItem\",\"position\":3,\"name\":\"Brother DS940W Escaner Portatil WiFi &#8211; Hasta 30ppm &#8211; Doble Cara\"}]},{\"@type\":\"WebSite\",\"@id\":\"https:\\\/\\\/www.maprofar.com\\\/tienda\\\/#website\",\"url\":\"https:\\\/\\\/www.maprofar.com\\\/tienda\\\/\",\"name\":\"Maprofar - Toner Compatibles y Material de Oficina\",\"description\":\"Encuentra en Maprofar tu t\u00f3ner compatible Brother y HP al mejor precio. Calidad garantizada, env\u00edo urgente 24h y asesoramiento t\u00e9cnico experto. \u00a1Vis\u00edtanos!\",\"publisher\":{\"@id\":\"https:\\\/\\\/www.maprofar.com\\\/tienda\\\/#organization\"},\"alternateName\":\"Maprofar Inform\u00e1tica\",\"potentialAction\":[{\"@type\":\"SearchAction\",\"target\":{\"@type\":\"EntryPoint\",\"urlTemplate\":\"https:\\\/\\\/www.maprofar.com\\\/tienda\\\/?s={search_term_string}\"},\"query-input\":{\"@type\":\"PropertyValueSpecification\",\"valueRequired\":true,\"valueName\":\"search_term_string\"}}],\"inLanguage\":\"es\"},{\"@type\":\"Organization\",\"@id\":\"https:\\\/\\\/www.maprofar.com\\\/tienda\\\/#organization\",\"name\":\"Maprofar S.L.\",\"url\":\"https:\\\/\\\/www.maprofar.com\\\/tienda\\\/\",\"logo\":{\"@type\":\"ImageObject\",\"inLanguage\":\"es\",\"@id\":\"https:\\\/\\\/www.maprofar.com\\\/tienda\\\/#\\\/schema\\\/logo\\\/image\\\/\",\"url\":\"https:\\\/\\\/www.maprofar.com\\\/tienda\\\/wp-content\\\/uploads\\\/2021\\\/05\\\/logo_circulo.jpg\",\"contentUrl\":\"https:\\\/\\\/www.maprofar.com\\\/tienda\\\/wp-content\\\/uploads\\\/2021\\\/05\\\/logo_circulo.jpg\",\"width\":404,\"height\":335,\"caption\":\"Maprofar S.L.\"},\"image\":{\"@id\":\"https:\\\/\\\/www.maprofar.com\\\/tienda\\\/#\\\/schema\\\/logo\\\/image\\\/\"},\"sameAs\":[\"https:\\\/\\\/es-es.facebook.com\\\/maprofar\",\"https:\\\/\\\/www.instagram.com\\\/maprofar_informatica\\\/\",\"https:\\\/\\\/www.pinterest.es\\\/maprofar\\\/\"]}]}<\/script>\n<!-- \/ Yoast SEO Premium plugin. -->","yoast_head_json":{"title":"Brother DS940W Escaner Portatil WiFi - Hasta 30ppm - Doble Cara","description":"Brother DS940W Escaner Portatil WiFi - Hasta 30ppm - Doble Cara - Maprofar | T\u00f3ner Compatible Brother, HP y Soluciones de Impresi\u00f3n 3D","robots":{"index":"index","follow":"follow","max-snippet":"max-snippet:-1","max-image-preview":"max-image-preview:large","max-video-preview":"max-video-preview:-1"},"canonical":"https:\/\/www.maprofar.com\/tienda\/producto\/brother-ds940w-escaner-portatil-wifi-hasta-30ppm-doble-cara\/","og_locale":"es_ES","og_type":"article","og_title":"Brother DS940W Escaner Portatil WiFi - Hasta 30ppm - Doble Cara - Maprofar | T\u00f3ner Compatible Brother, HP y Soluciones de Impresi\u00f3n 3D","og_description":"En Maprofar encontrar\u00e1s t\u00f3ner compatibles de calidad y material de oficina al mejor precio. Ahorra sin sacrificar rendimiento. \u00a1Aprovecha nuestras ofertas y descuentos!","og_url":"https:\/\/www.maprofar.com\/tienda\/producto\/brother-ds940w-escaner-portatil-wifi-hasta-30ppm-doble-cara\/","og_site_name":"Maprofar | T\u00f3ner Compatible Brother, HP y Soluciones de Impresi\u00f3n 3D","article_publisher":"https:\/\/es-es.facebook.com\/maprofar","article_modified_time":"2025-12-12T09:39:41+00:00","og_image":[{"width":530,"height":530,"url":"https:\/\/www.maprofar.com\/tienda\/wp-content\/uploads\/2022\/11\/DS940DW_1.jpg","type":"image\/jpeg"}],"twitter_card":"summary_large_image","twitter_misc":{"Tiempo de lectura":"3 minutos"},"schema":{"@context":"https:\/\/schema.org","@graph":[{"@type":"WebPage","@id":"https:\/\/www.maprofar.com\/tienda\/producto\/brother-ds940w-escaner-portatil-wifi-hasta-30ppm-doble-cara\/","url":"https:\/\/www.maprofar.com\/tienda\/producto\/brother-ds940w-escaner-portatil-wifi-hasta-30ppm-doble-cara\/","name":"Brother DS940W Escaner Portatil WiFi - Hasta 30ppm - Doble Cara","isPartOf":{"@id":"https:\/\/www.maprofar.com\/tienda\/#website"},"primaryImageOfPage":{"@id":"https:\/\/www.maprofar.com\/tienda\/producto\/brother-ds940w-escaner-portatil-wifi-hasta-30ppm-doble-cara\/#primaryimage"},"image":{"@id":"https:\/\/www.maprofar.com\/tienda\/producto\/brother-ds940w-escaner-portatil-wifi-hasta-30ppm-doble-cara\/#primaryimage"},"thumbnailUrl":"https:\/\/www.maprofar.com\/tienda\/wp-content\/uploads\/2022\/11\/DS940DW_1.jpg","datePublished":"2022-11-11T11:24:19+00:00","dateModified":"2025-12-12T09:39:41+00:00","description":"Brother DS940W Escaner Portatil WiFi - Hasta 30ppm - Doble Cara - Maprofar | T\u00f3ner Compatible Brother, HP y Soluciones de Impresi\u00f3n 3D","breadcrumb":{"@id":"https:\/\/www.maprofar.com\/tienda\/producto\/brother-ds940w-escaner-portatil-wifi-hasta-30ppm-doble-cara\/#breadcrumb"},"inLanguage":"es","potentialAction":[{"@type":"ReadAction","target":["https:\/\/www.maprofar.com\/tienda\/producto\/brother-ds940w-escaner-portatil-wifi-hasta-30ppm-doble-cara\/"]}]},{"@type":"ImageObject","inLanguage":"es","@id":"https:\/\/www.maprofar.com\/tienda\/producto\/brother-ds940w-escaner-portatil-wifi-hasta-30ppm-doble-cara\/#primaryimage","url":"https:\/\/www.maprofar.com\/tienda\/wp-content\/uploads\/2022\/11\/DS940DW_1.jpg","contentUrl":"https:\/\/www.maprofar.com\/tienda\/wp-content\/uploads\/2022\/11\/DS940DW_1.jpg","width":530,"height":530,"caption":"Brother DS940W Escaner Portatil WiFi - Hasta 30ppm - Doble Cara"},{"@type":"BreadcrumbList","@id":"https:\/\/www.maprofar.com\/tienda\/producto\/brother-ds940w-escaner-portatil-wifi-hasta-30ppm-doble-cara\/#breadcrumb","itemListElement":[{"@type":"ListItem","position":1,"name":"Portada","item":"https:\/\/www.maprofar.com\/tienda\/"},{"@type":"ListItem","position":2,"name":"Inicio","item":"https:\/\/www.maprofar.com\/tienda\/"},{"@type":"ListItem","position":3,"name":"Brother DS940W Escaner Portatil WiFi &#8211; Hasta 30ppm &#8211; Doble Cara"}]},{"@type":"WebSite","@id":"https:\/\/www.maprofar.com\/tienda\/#website","url":"https:\/\/www.maprofar.com\/tienda\/","name":"Maprofar - Toner Compatibles y Material de Oficina","description":"Encuentra en Maprofar tu t\u00f3ner compatible Brother y HP al mejor precio. Calidad garantizada, env\u00edo urgente 24h y asesoramiento t\u00e9cnico experto. \u00a1Vis\u00edtanos!","publisher":{"@id":"https:\/\/www.maprofar.com\/tienda\/#organization"},"alternateName":"Maprofar Inform\u00e1tica","potentialAction":[{"@type":"SearchAction","target":{"@type":"EntryPoint","urlTemplate":"https:\/\/www.maprofar.com\/tienda\/?s={search_term_string}"},"query-input":{"@type":"PropertyValueSpecification","valueRequired":true,"valueName":"search_term_string"}}],"inLanguage":"es"},{"@type":"Organization","@id":"https:\/\/www.maprofar.com\/tienda\/#organization","name":"Maprofar S.L.","url":"https:\/\/www.maprofar.com\/tienda\/","logo":{"@type":"ImageObject","inLanguage":"es","@id":"https:\/\/www.maprofar.com\/tienda\/#\/schema\/logo\/image\/","url":"https:\/\/www.maprofar.com\/tienda\/wp-content\/uploads\/2021\/05\/logo_circulo.jpg","contentUrl":"https:\/\/www.maprofar.com\/tienda\/wp-content\/uploads\/2021\/05\/logo_circulo.jpg","width":404,"height":335,"caption":"Maprofar S.L."},"image":{"@id":"https:\/\/www.maprofar.com\/tienda\/#\/schema\/logo\/image\/"},"sameAs":["https:\/\/es-es.facebook.com\/maprofar","https:\/\/www.instagram.com\/maprofar_informatica\/","https:\/\/www.pinterest.es\/maprofar\/"]}]}},"_links":{"self":[{"href":"https:\/\/www.maprofar.com\/tienda\/wp-json\/wp\/v2\/product\/8391","targetHints":{"allow":["GET"]}}],"collection":[{"href":"https:\/\/www.maprofar.com\/tienda\/wp-json\/wp\/v2\/product"}],"about":[{"href":"https:\/\/www.maprofar.com\/tienda\/wp-json\/wp\/v2\/types\/product"}],"wp:featuredmedia":[{"embeddable":true,"href":"https:\/\/www.maprofar.com\/tienda\/wp-json\/wp\/v2\/media\/8392"}],"wp:attachment":[{"href":"https:\/\/www.maprofar.com\/tienda\/wp-json\/wp\/v2\/media?parent=8391"}],"wp:term":[{"taxonomy":"product_brand","embeddable":true,"href":"https:\/\/www.maprofar.com\/tienda\/wp-json\/wp\/v2\/product_brand?post=8391"},{"taxonomy":"product_cat","embeddable":true,"href":"https:\/\/www.maprofar.com\/tienda\/wp-json\/wp\/v2\/product_cat?post=8391"},{"taxonomy":"product_tag","embeddable":true,"href":"https:\/\/www.maprofar.com\/tienda\/wp-json\/wp\/v2\/product_tag?post=8391"}],"curies":[{"name":"wp","href":"https:\/\/api.w.org\/{rel}","templated":true}]}}