{"id":8933,"date":"2023-02-13T13:09:30","date_gmt":"2023-02-13T11:09:30","guid":{"rendered":"https:\/\/www.maprofar.com\/tienda\/?post_type=product&#038;p=8933"},"modified":"2025-01-28T09:50:08","modified_gmt":"2025-01-28T07:50:08","slug":"approx-impresora-termica-de-recibos-portatil-bluetooth-rs-232-usb-resolucion-203dpi-velocidad-80mm-s-corte-manual","status":"publish","type":"product","link":"https:\/\/www.maprofar.com\/tienda\/producto\/approx-impresora-termica-de-recibos-portatil-bluetooth-rs-232-usb-resolucion-203dpi-velocidad-80mm-s-corte-manual\/","title":{"rendered":"Approx Impresora Termica de Recibos Portatil &#8211; Bluetooth, RS-232, USB &#8211; Resolucion 203dpi &#8211; Velocidad 80mm\/s &#8211; Corte Manual"},"content":{"rendered":"<p>La appPOS58PORTABLE+ es una impresora t\u00e9rmica de tickets compacta, fiable y r\u00e1pida. Compatible con el sistema POS. Ofrece caracter\u00edsticas importantes de f\u00e1cil manejo para el minorista, restaurantes y hosteler\u00eda.<\/p>\n<p>Incorpora un sistema de corte manual de tickets, funciona con papel t\u00e9rmico est\u00e1ndar de ancho 58 mm. No necesita cartuchos y permite imprimir c\u00f3digos de barras y su logotipo. \u00a1Haz de ella tu impresora favorita para tu negocio!<\/p>\n<p>Especificaciones:<\/p>\n<p>Velocidad de la impresi\u00f3n:<\/p>\n<p>-Resoluci\u00f3n m\u00e1xima: 203 x 203 DPI<br \/>\n-Columnas de impresi\u00f3n: 384 puntos\/l\u00ednea<br \/>\n-Velocidad de impresi\u00f3n: 80 mm\/s<br \/>\n-Tecnolog\u00eda de impresi\u00f3n: T\u00e9rmico<br \/>\n-Tipo: Impresora port\u00e1til<\/p>\n<p>Direcci\u00f3n de papel:<\/p>\n<p>-Grosor de la impresi\u00f3n: 60 &#8211; 80 \u00b5m<br \/>\n-M\u00e1ximo di\u00e1metro del rollo: 4 cm<br \/>\n-Ancho de papel soportado: 58 mm<\/p>\n<p>Puertos e Interfaces:<\/p>\n<p>-Puerto USB: Si<br \/>\n-Cantidad de puertos USB 2.0: 1<br \/>\n-Interfaz en serie: Si<br \/>\n-Tipo de serie de interfaz: RS-232<br \/>\n-Bluetooth: Si<br \/>\n-Tecnolog\u00eda de conectividad: Inal\u00e1mbrico y al\u00e1mbrico<br \/>\n-Puerto serial: 1<br \/>\n-Interfaz est\u00e1ndar: Bluetooth, RS-232, USB<\/p>\n<p>Conexi\u00f3n:<\/p>\n<p>-Ethernet: No<br \/>\n-Wifi: No<\/p>\n<p>Caracter\u00edsticas:<\/p>\n<p>-C\u00f3digo de barras incorporado: CODABAR (NW-7),Code 128 (A\/B\/C),Code 39,Code 93,EAN13,EAN8,ITF,PDF417,QR Code,UPC-A,UPC-E<br \/>\n-Lenguajes de descripci\u00f3n de p\u00e1ginas: ESC\/POS<br \/>\n-Cuchilla: Si<\/p>\n<p>Dise\u00f1o:<\/p>\n<p>-Color del producto: Negro<\/p>\n<p>Control de energ\u00eda:<\/p>\n<p>-Alimentaci\u00f3n: Bater\u00eda<br \/>\n-Tecnolog\u00eda de bater\u00eda: Ion de litio<br \/>\n-Voltaje de la pila: 7,4 V<br \/>\n-Capacidad de bater\u00eda: 2000 mAh<\/p>\n<p>Requisitos del sistema:<\/p>\n<p>-Sistema operativo Windows soportado: Windows 10, Windows 7, Windows 8, Windows 8.1, -Windows Vista, Windows XP<br \/>\n-Sistemas operativos m\u00f3viles soportados: Android<br \/>\n-Sistema operativo Linux soportado: Si<\/p>\n<p>Peso y dimensiones:<\/p>\n<p>-Ancho: 111 mm<br \/>\n-Profundidad: 88 mm<br \/>\n-Altura: 41 mm<br \/>\n-Peso: 280 g<\/p>\n<p>Contenido del embalaje:<\/p>\n<p>-APPPOS58PORTABLE+<br \/>\n-Adaptador de corriente<br \/>\n-Cable USB<br \/>\n-Funda<br \/>\n-Bater\u00eda<br \/>\n-Rollo de papel t\u00e9rmico<br \/>\n-Manual de usuario<br \/>\n-CD de instalaci\u00f3n<\/p>\n<p><span style=\"color: #999999;\">Comprar Approx Impresora Termica de Recibos Portatil &#8211; Bluetooth, RS-232, USB &#8211; Resolucion 203dpi &#8211; Velocidad 80mm\/s &#8211; Corte Manual<\/span><\/p>\n","protected":false},"excerpt":{"rendered":"<p class=\"titulo_subseccion_da\">CARACTER\u00cdSTICAS<\/p>\n<div class=\"listado_caracteristicas_da\"><span class=\"linea_datos_da\">\u2022 Marca:\u00a0<span class=\"gris_400\" title=\"Approx\">Approx<\/span><\/span><\/div>\n<div class=\"listado_caracteristicas_da\"><span class=\"linea_datos_da\" title=\"Negro\">\u2022 Color:\u00a0<span class=\"gris_400\">Negro<\/span><\/span><\/div>\n<div class=\"listado_caracteristicas_da\"><span class=\"linea_datos_da\" title=\"Approx\">\u2022 Fabricante:\u00a0<span class=\"gris_400\">Approx<\/span><\/span><\/div>\n<div class=\"listado_caracteristicas_da\"><span class=\"linea_datos_da\" title=\"APPPOS58PORTABLE+\">\u2022 Ref.:\u00a0<span class=\"gris_400\">APPPOS58PORTABLE+<\/span><\/span><\/div>\n","protected":false},"featured_media":8934,"template":"","meta":[],"product_brand":[],"product_cat":[182],"product_tag":[],"class_list":{"0":"post-8933","1":"product","2":"type-product","3":"status-publish","4":"has-post-thumbnail","6":"product_cat-impresoras-de-tickets","8":"first","9":"instock","10":"taxable","11":"shipping-taxable","12":"purchasable","13":"product-type-simple"},"yoast_head":"<!-- This site is optimized with the Yoast SEO Premium plugin v22.3 (Yoast SEO v27.4) - https:\/\/yoast.com\/product\/yoast-seo-premium-wordpress\/ -->\n<title>Approx Impresora Termica de Recibos Portatil - Bluetooth<\/title>\n<meta name=\"description\" content=\"Approx Impresora Termica de Recibos Portatil - Bluetooth, RS-232, USB - Resolucion 203dpi - Velocidad 80mm\/s - Corte Manual\" \/>\n<meta name=\"robots\" content=\"index, follow, max-snippet:-1, max-image-preview:large, max-video-preview:-1\" \/>\n<link rel=\"canonical\" href=\"https:\/\/www.maprofar.com\/tienda\/producto\/approx-impresora-termica-de-recibos-portatil-bluetooth-rs-232-usb-resolucion-203dpi-velocidad-80mm-s-corte-manual\/\" \/>\n<meta property=\"og:locale\" content=\"es_ES\" \/>\n<meta property=\"og:type\" content=\"article\" \/>\n<meta property=\"og:title\" content=\"Approx Impresora Termica de Recibos Portatil - Bluetooth, RS-232, USB - Resolucion 203dpi - Velocidad 80mm\/s - Corte Manual - Maprofar | T\u00f3ner Compatible Brother, HP y Soluciones de Impresi\u00f3n 3D\" \/>\n<meta property=\"og:description\" content=\"En Maprofar encontrar\u00e1s t\u00f3ner compatibles de calidad y material de oficina al mejor precio. Ahorra sin sacrificar rendimiento. \u00a1Aprovecha nuestras ofertas y descuentos!\" \/>\n<meta property=\"og:url\" content=\"https:\/\/www.maprofar.com\/tienda\/producto\/approx-impresora-termica-de-recibos-portatil-bluetooth-rs-232-usb-resolucion-203dpi-velocidad-80mm-s-corte-manual\/\" \/>\n<meta property=\"og:site_name\" content=\"Maprofar | T\u00f3ner Compatible Brother, HP y Soluciones de Impresi\u00f3n 3D\" \/>\n<meta property=\"article:publisher\" content=\"https:\/\/es-es.facebook.com\/maprofar\" \/>\n<meta property=\"article:modified_time\" content=\"2025-01-28T07:50:08+00:00\" \/>\n<meta property=\"og:image\" content=\"https:\/\/www.maprofar.com\/tienda\/wp-content\/uploads\/2023\/02\/APPPOS58PORTABLE_1.jpg\" \/>\n\t<meta property=\"og:image:width\" content=\"530\" \/>\n\t<meta property=\"og:image:height\" content=\"530\" \/>\n\t<meta property=\"og:image:type\" content=\"image\/jpeg\" \/>\n<meta name=\"twitter:card\" content=\"summary_large_image\" \/>\n<meta name=\"twitter:label1\" content=\"Tiempo de lectura\" \/>\n\t<meta name=\"twitter:data1\" content=\"2 minutos\" \/>\n<script type=\"application\/ld+json\" class=\"yoast-schema-graph\">{\"@context\":\"https:\\\/\\\/schema.org\",\"@graph\":[{\"@type\":\"WebPage\",\"@id\":\"https:\\\/\\\/www.maprofar.com\\\/tienda\\\/producto\\\/approx-impresora-termica-de-recibos-portatil-bluetooth-rs-232-usb-resolucion-203dpi-velocidad-80mm-s-corte-manual\\\/\",\"url\":\"https:\\\/\\\/www.maprofar.com\\\/tienda\\\/producto\\\/approx-impresora-termica-de-recibos-portatil-bluetooth-rs-232-usb-resolucion-203dpi-velocidad-80mm-s-corte-manual\\\/\",\"name\":\"Approx Impresora Termica de Recibos Portatil - Bluetooth\",\"isPartOf\":{\"@id\":\"https:\\\/\\\/www.maprofar.com\\\/tienda\\\/#website\"},\"primaryImageOfPage\":{\"@id\":\"https:\\\/\\\/www.maprofar.com\\\/tienda\\\/producto\\\/approx-impresora-termica-de-recibos-portatil-bluetooth-rs-232-usb-resolucion-203dpi-velocidad-80mm-s-corte-manual\\\/#primaryimage\"},\"image\":{\"@id\":\"https:\\\/\\\/www.maprofar.com\\\/tienda\\\/producto\\\/approx-impresora-termica-de-recibos-portatil-bluetooth-rs-232-usb-resolucion-203dpi-velocidad-80mm-s-corte-manual\\\/#primaryimage\"},\"thumbnailUrl\":\"https:\\\/\\\/www.maprofar.com\\\/tienda\\\/wp-content\\\/uploads\\\/2023\\\/02\\\/APPPOS58PORTABLE_1.jpg\",\"datePublished\":\"2023-02-13T11:09:30+00:00\",\"dateModified\":\"2025-01-28T07:50:08+00:00\",\"description\":\"Approx Impresora Termica de Recibos Portatil - Bluetooth, RS-232, USB - Resolucion 203dpi - Velocidad 80mm\\\/s - Corte Manual\",\"breadcrumb\":{\"@id\":\"https:\\\/\\\/www.maprofar.com\\\/tienda\\\/producto\\\/approx-impresora-termica-de-recibos-portatil-bluetooth-rs-232-usb-resolucion-203dpi-velocidad-80mm-s-corte-manual\\\/#breadcrumb\"},\"inLanguage\":\"es\",\"potentialAction\":[{\"@type\":\"ReadAction\",\"target\":[\"https:\\\/\\\/www.maprofar.com\\\/tienda\\\/producto\\\/approx-impresora-termica-de-recibos-portatil-bluetooth-rs-232-usb-resolucion-203dpi-velocidad-80mm-s-corte-manual\\\/\"]}]},{\"@type\":\"ImageObject\",\"inLanguage\":\"es\",\"@id\":\"https:\\\/\\\/www.maprofar.com\\\/tienda\\\/producto\\\/approx-impresora-termica-de-recibos-portatil-bluetooth-rs-232-usb-resolucion-203dpi-velocidad-80mm-s-corte-manual\\\/#primaryimage\",\"url\":\"https:\\\/\\\/www.maprofar.com\\\/tienda\\\/wp-content\\\/uploads\\\/2023\\\/02\\\/APPPOS58PORTABLE_1.jpg\",\"contentUrl\":\"https:\\\/\\\/www.maprofar.com\\\/tienda\\\/wp-content\\\/uploads\\\/2023\\\/02\\\/APPPOS58PORTABLE_1.jpg\",\"width\":530,\"height\":530,\"caption\":\"Approx Impresora Termica de Recibos Portatil - Bluetooth, RS-232, USB - Resolucion 203dpi - Velocidad 80mm\\\/s - Corte Manual\"},{\"@type\":\"BreadcrumbList\",\"@id\":\"https:\\\/\\\/www.maprofar.com\\\/tienda\\\/producto\\\/approx-impresora-termica-de-recibos-portatil-bluetooth-rs-232-usb-resolucion-203dpi-velocidad-80mm-s-corte-manual\\\/#breadcrumb\",\"itemListElement\":[{\"@type\":\"ListItem\",\"position\":1,\"name\":\"Portada\",\"item\":\"https:\\\/\\\/www.maprofar.com\\\/tienda\\\/\"},{\"@type\":\"ListItem\",\"position\":2,\"name\":\"Inicio\",\"item\":\"https:\\\/\\\/www.maprofar.com\\\/tienda\\\/\"},{\"@type\":\"ListItem\",\"position\":3,\"name\":\"Approx Impresora Termica de Recibos Portatil &#8211; Bluetooth, RS-232, USB &#8211; Resolucion 203dpi &#8211; Velocidad 80mm\\\/s &#8211; Corte Manual\"}]},{\"@type\":\"WebSite\",\"@id\":\"https:\\\/\\\/www.maprofar.com\\\/tienda\\\/#website\",\"url\":\"https:\\\/\\\/www.maprofar.com\\\/tienda\\\/\",\"name\":\"Maprofar - Toner Compatibles y Material de Oficina\",\"description\":\"Encuentra en Maprofar tu t\u00f3ner compatible Brother y HP al mejor precio. Calidad garantizada, env\u00edo urgente 24h y asesoramiento t\u00e9cnico experto. \u00a1Vis\u00edtanos!\",\"publisher\":{\"@id\":\"https:\\\/\\\/www.maprofar.com\\\/tienda\\\/#organization\"},\"alternateName\":\"Maprofar Inform\u00e1tica\",\"potentialAction\":[{\"@type\":\"SearchAction\",\"target\":{\"@type\":\"EntryPoint\",\"urlTemplate\":\"https:\\\/\\\/www.maprofar.com\\\/tienda\\\/?s={search_term_string}\"},\"query-input\":{\"@type\":\"PropertyValueSpecification\",\"valueRequired\":true,\"valueName\":\"search_term_string\"}}],\"inLanguage\":\"es\"},{\"@type\":\"Organization\",\"@id\":\"https:\\\/\\\/www.maprofar.com\\\/tienda\\\/#organization\",\"name\":\"Maprofar S.L.\",\"url\":\"https:\\\/\\\/www.maprofar.com\\\/tienda\\\/\",\"logo\":{\"@type\":\"ImageObject\",\"inLanguage\":\"es\",\"@id\":\"https:\\\/\\\/www.maprofar.com\\\/tienda\\\/#\\\/schema\\\/logo\\\/image\\\/\",\"url\":\"https:\\\/\\\/www.maprofar.com\\\/tienda\\\/wp-content\\\/uploads\\\/2021\\\/05\\\/logo_circulo.jpg\",\"contentUrl\":\"https:\\\/\\\/www.maprofar.com\\\/tienda\\\/wp-content\\\/uploads\\\/2021\\\/05\\\/logo_circulo.jpg\",\"width\":404,\"height\":335,\"caption\":\"Maprofar S.L.\"},\"image\":{\"@id\":\"https:\\\/\\\/www.maprofar.com\\\/tienda\\\/#\\\/schema\\\/logo\\\/image\\\/\"},\"sameAs\":[\"https:\\\/\\\/es-es.facebook.com\\\/maprofar\",\"https:\\\/\\\/www.instagram.com\\\/maprofar_informatica\\\/\",\"https:\\\/\\\/www.pinterest.es\\\/maprofar\\\/\"]}]}<\/script>\n<!-- \/ Yoast SEO Premium plugin. -->","yoast_head_json":{"title":"Approx Impresora Termica de Recibos Portatil - Bluetooth","description":"Approx Impresora Termica de Recibos Portatil - Bluetooth, RS-232, USB - Resolucion 203dpi - Velocidad 80mm\/s - Corte Manual","robots":{"index":"index","follow":"follow","max-snippet":"max-snippet:-1","max-image-preview":"max-image-preview:large","max-video-preview":"max-video-preview:-1"},"canonical":"https:\/\/www.maprofar.com\/tienda\/producto\/approx-impresora-termica-de-recibos-portatil-bluetooth-rs-232-usb-resolucion-203dpi-velocidad-80mm-s-corte-manual\/","og_locale":"es_ES","og_type":"article","og_title":"Approx Impresora Termica de Recibos Portatil - Bluetooth, RS-232, USB - Resolucion 203dpi - Velocidad 80mm\/s - Corte Manual - Maprofar | T\u00f3ner Compatible Brother, HP y Soluciones de Impresi\u00f3n 3D","og_description":"En Maprofar encontrar\u00e1s t\u00f3ner compatibles de calidad y material de oficina al mejor precio. Ahorra sin sacrificar rendimiento. \u00a1Aprovecha nuestras ofertas y descuentos!","og_url":"https:\/\/www.maprofar.com\/tienda\/producto\/approx-impresora-termica-de-recibos-portatil-bluetooth-rs-232-usb-resolucion-203dpi-velocidad-80mm-s-corte-manual\/","og_site_name":"Maprofar | T\u00f3ner Compatible Brother, HP y Soluciones de Impresi\u00f3n 3D","article_publisher":"https:\/\/es-es.facebook.com\/maprofar","article_modified_time":"2025-01-28T07:50:08+00:00","og_image":[{"width":530,"height":530,"url":"https:\/\/www.maprofar.com\/tienda\/wp-content\/uploads\/2023\/02\/APPPOS58PORTABLE_1.jpg","type":"image\/jpeg"}],"twitter_card":"summary_large_image","twitter_misc":{"Tiempo de lectura":"2 minutos"},"schema":{"@context":"https:\/\/schema.org","@graph":[{"@type":"WebPage","@id":"https:\/\/www.maprofar.com\/tienda\/producto\/approx-impresora-termica-de-recibos-portatil-bluetooth-rs-232-usb-resolucion-203dpi-velocidad-80mm-s-corte-manual\/","url":"https:\/\/www.maprofar.com\/tienda\/producto\/approx-impresora-termica-de-recibos-portatil-bluetooth-rs-232-usb-resolucion-203dpi-velocidad-80mm-s-corte-manual\/","name":"Approx Impresora Termica de Recibos Portatil - Bluetooth","isPartOf":{"@id":"https:\/\/www.maprofar.com\/tienda\/#website"},"primaryImageOfPage":{"@id":"https:\/\/www.maprofar.com\/tienda\/producto\/approx-impresora-termica-de-recibos-portatil-bluetooth-rs-232-usb-resolucion-203dpi-velocidad-80mm-s-corte-manual\/#primaryimage"},"image":{"@id":"https:\/\/www.maprofar.com\/tienda\/producto\/approx-impresora-termica-de-recibos-portatil-bluetooth-rs-232-usb-resolucion-203dpi-velocidad-80mm-s-corte-manual\/#primaryimage"},"thumbnailUrl":"https:\/\/www.maprofar.com\/tienda\/wp-content\/uploads\/2023\/02\/APPPOS58PORTABLE_1.jpg","datePublished":"2023-02-13T11:09:30+00:00","dateModified":"2025-01-28T07:50:08+00:00","description":"Approx Impresora Termica de Recibos Portatil - Bluetooth, RS-232, USB - Resolucion 203dpi - Velocidad 80mm\/s - Corte Manual","breadcrumb":{"@id":"https:\/\/www.maprofar.com\/tienda\/producto\/approx-impresora-termica-de-recibos-portatil-bluetooth-rs-232-usb-resolucion-203dpi-velocidad-80mm-s-corte-manual\/#breadcrumb"},"inLanguage":"es","potentialAction":[{"@type":"ReadAction","target":["https:\/\/www.maprofar.com\/tienda\/producto\/approx-impresora-termica-de-recibos-portatil-bluetooth-rs-232-usb-resolucion-203dpi-velocidad-80mm-s-corte-manual\/"]}]},{"@type":"ImageObject","inLanguage":"es","@id":"https:\/\/www.maprofar.com\/tienda\/producto\/approx-impresora-termica-de-recibos-portatil-bluetooth-rs-232-usb-resolucion-203dpi-velocidad-80mm-s-corte-manual\/#primaryimage","url":"https:\/\/www.maprofar.com\/tienda\/wp-content\/uploads\/2023\/02\/APPPOS58PORTABLE_1.jpg","contentUrl":"https:\/\/www.maprofar.com\/tienda\/wp-content\/uploads\/2023\/02\/APPPOS58PORTABLE_1.jpg","width":530,"height":530,"caption":"Approx Impresora Termica de Recibos Portatil - Bluetooth, RS-232, USB - Resolucion 203dpi - Velocidad 80mm\/s - Corte Manual"},{"@type":"BreadcrumbList","@id":"https:\/\/www.maprofar.com\/tienda\/producto\/approx-impresora-termica-de-recibos-portatil-bluetooth-rs-232-usb-resolucion-203dpi-velocidad-80mm-s-corte-manual\/#breadcrumb","itemListElement":[{"@type":"ListItem","position":1,"name":"Portada","item":"https:\/\/www.maprofar.com\/tienda\/"},{"@type":"ListItem","position":2,"name":"Inicio","item":"https:\/\/www.maprofar.com\/tienda\/"},{"@type":"ListItem","position":3,"name":"Approx Impresora Termica de Recibos Portatil &#8211; Bluetooth, RS-232, USB &#8211; Resolucion 203dpi &#8211; Velocidad 80mm\/s &#8211; Corte Manual"}]},{"@type":"WebSite","@id":"https:\/\/www.maprofar.com\/tienda\/#website","url":"https:\/\/www.maprofar.com\/tienda\/","name":"Maprofar - Toner Compatibles y Material de Oficina","description":"Encuentra en Maprofar tu t\u00f3ner compatible Brother y HP al mejor precio. Calidad garantizada, env\u00edo urgente 24h y asesoramiento t\u00e9cnico experto. \u00a1Vis\u00edtanos!","publisher":{"@id":"https:\/\/www.maprofar.com\/tienda\/#organization"},"alternateName":"Maprofar Inform\u00e1tica","potentialAction":[{"@type":"SearchAction","target":{"@type":"EntryPoint","urlTemplate":"https:\/\/www.maprofar.com\/tienda\/?s={search_term_string}"},"query-input":{"@type":"PropertyValueSpecification","valueRequired":true,"valueName":"search_term_string"}}],"inLanguage":"es"},{"@type":"Organization","@id":"https:\/\/www.maprofar.com\/tienda\/#organization","name":"Maprofar S.L.","url":"https:\/\/www.maprofar.com\/tienda\/","logo":{"@type":"ImageObject","inLanguage":"es","@id":"https:\/\/www.maprofar.com\/tienda\/#\/schema\/logo\/image\/","url":"https:\/\/www.maprofar.com\/tienda\/wp-content\/uploads\/2021\/05\/logo_circulo.jpg","contentUrl":"https:\/\/www.maprofar.com\/tienda\/wp-content\/uploads\/2021\/05\/logo_circulo.jpg","width":404,"height":335,"caption":"Maprofar S.L."},"image":{"@id":"https:\/\/www.maprofar.com\/tienda\/#\/schema\/logo\/image\/"},"sameAs":["https:\/\/es-es.facebook.com\/maprofar","https:\/\/www.instagram.com\/maprofar_informatica\/","https:\/\/www.pinterest.es\/maprofar\/"]}]}},"_links":{"self":[{"href":"https:\/\/www.maprofar.com\/tienda\/wp-json\/wp\/v2\/product\/8933","targetHints":{"allow":["GET"]}}],"collection":[{"href":"https:\/\/www.maprofar.com\/tienda\/wp-json\/wp\/v2\/product"}],"about":[{"href":"https:\/\/www.maprofar.com\/tienda\/wp-json\/wp\/v2\/types\/product"}],"wp:featuredmedia":[{"embeddable":true,"href":"https:\/\/www.maprofar.com\/tienda\/wp-json\/wp\/v2\/media\/8934"}],"wp:attachment":[{"href":"https:\/\/www.maprofar.com\/tienda\/wp-json\/wp\/v2\/media?parent=8933"}],"wp:term":[{"taxonomy":"product_brand","embeddable":true,"href":"https:\/\/www.maprofar.com\/tienda\/wp-json\/wp\/v2\/product_brand?post=8933"},{"taxonomy":"product_cat","embeddable":true,"href":"https:\/\/www.maprofar.com\/tienda\/wp-json\/wp\/v2\/product_cat?post=8933"},{"taxonomy":"product_tag","embeddable":true,"href":"https:\/\/www.maprofar.com\/tienda\/wp-json\/wp\/v2\/product_tag?post=8933"}],"curies":[{"name":"wp","href":"https:\/\/api.w.org\/{rel}","templated":true}]}}