{"id":8939,"date":"2023-02-13T13:21:21","date_gmt":"2023-02-13T11:21:21","guid":{"rendered":"https:\/\/www.maprofar.com\/tienda\/?post_type=product&#038;p=8939"},"modified":"2026-02-16T19:02:28","modified_gmt":"2026-02-16T18:02:28","slug":"brother-ql-600b-impresora-de-etiquetas-profesional-usb-velocidad-hasta-71mm-s-300-x-300ppp","status":"publish","type":"product","link":"https:\/\/www.maprofar.com\/tienda\/producto\/brother-ql-600b-impresora-de-etiquetas-profesional-usb-velocidad-hasta-71mm-s-300-x-300ppp\/","title":{"rendered":"Brother QL-600B Impresora de Etiquetas Profesional USB &#8211; Velocidad hasta 71mm\/s &#8211; 300 x 300ppp"},"content":{"rendered":"<p>Brother QL-600B Impresora de Etiquetas Profesional USB &#8211; Velocidad hasta 71mm\/s &#8211; 300 x 300ppp<\/p>\n<p>Impresora de etiquetas profesional con tecnolog\u00eda t\u00e9rmica directa. Imprime etiquetas autoadhesivas profesionales para una amplia gama de utilidades en el trabajo. Conexi\u00f3n USB para instalar el equipo f\u00e1cilmente en cualquier lugar.<\/p>\n<p>Especificaciones:<\/p>\n<p>Desempe\u00f1o:<\/p>\n<p>-Velocidad de impresi\u00f3n: Hasta 71 mm\/s<br \/>\n-Resoluci\u00f3n m\u00e1x. (blanco y negro): 300 \u00d7 300 ppp<br \/>\n-Tama\u00f1o m\u00e1ximo de material: Rollo (6,2 cm)<br \/>\n-Tama\u00f1o m\u00ednimo de medios (Personalizado): 12.7 mm<br \/>\n-Tama\u00f1o m\u00e1ximo de medios (Personalizado): 62 mm<br \/>\n-Tama\u00f1o soporte: Rollo (6,2 cm)<br \/>\n-Anchura m\u00e1xima de impresi\u00f3n: 60.96 mm<br \/>\n-Longitud m\u00e1xima de impresi\u00f3n: 1000 mm<br \/>\n-Alimentadores de medios 1 x manual, Rollo (6,2 cm)<br \/>\n-Tipo de soporte: Etiquetas, etiquetas continuas, etiquetas troqueladas<br \/>\n-Cintas compatibles: Cinta DK<br \/>\n-C\u00f3digos de barras: C\u00f3digo 39, UCC\/EAN-128, C\u00f3digo GS1 DataBar, C\u00f3digo QR, MaxiCode, C\u00f3digo Aztec, UPC-A, UPC-E, Codabar, Code 128, Postnet, PDF417, Data Matrix, Intelligent Mail Barcode, ITF 2 de 5, EAN-8, EAN-13, MSI, ISBN-2, ISBN-5, RSS<br \/>\n-Software incluido: Brother P-touch Editor<\/p>\n<p>Control de energ\u00eda:<\/p>\n<p>-Dispositivo de alimentaci\u00f3n: Fuente de alimentaci\u00f3n interna<\/p>\n<p>Dise\u00f1o:<\/p>\n<p>-Color del producto: Blanco\/Azul<\/p>\n<p>Puertos e Interfaces:<\/p>\n<p>-Conexiones: 1 x USB 2.0; USB Tipo B de 4 clavijas<\/p>\n<p>Peso y dimensiones:<\/p>\n<p>-Ancho: 12,8 cm<br \/>\n-Profundidad: 22.1 cm<br \/>\n-Altura: 15.3 cm<br \/>\n-Peso: 1.12 kg<\/p>\n<p><span style=\"color: #999999;\">Comprar Brother QL-600B Impresora de Etiquetas Profesional USB &#8211; Velocidad hasta 71mm\/s &#8211; 300 x 300ppp<\/span><\/p>\n","protected":false},"excerpt":{"rendered":"<p class=\"titulo_subseccion_da\">CARACTER\u00cdSTICAS<\/p>\n<div class=\"listado_caracteristicas_da\"><span class=\"linea_datos_da\">\u2022 Marca:\u00a0<span class=\"gris_400\" title=\"Brother\">Brother<\/span><\/span><\/div>\n<div class=\"listado_caracteristicas_da\"><span class=\"linea_datos_da\" title=\"Blanco\/Azul\">\u2022 Color:\u00a0<span class=\"gris_400\">Blanco\/Azul<\/span><\/span><\/div>\n<div class=\"listado_caracteristicas_da\"><span class=\"linea_datos_da\" title=\"BROTHER\">\u2022 Fabricante:\u00a0<span class=\"gris_400\">BROTHER<\/span><\/span><\/div>\n<div class=\"listado_caracteristicas_da\"><span class=\"linea_datos_da\" title=\"\" aria-describedby=\"ui-id-12\">\u2022 Ref.:\u00a0<span class=\"gris_400\">QL600B<\/span><\/span><\/div>\n","protected":false},"featured_media":8940,"template":"","meta":[],"product_brand":[],"product_cat":[219],"product_tag":[305,224,307,306],"class_list":{"0":"post-8939","1":"product","2":"type-product","3":"status-publish","4":"has-post-thumbnail","6":"product_cat-impresoras-de-etiquetas","7":"product_tag-impresora-de-etiquetas","8":"product_tag-impresora-para-etiquetas-de-envio","9":"product_tag-impresora-termica","10":"product_tag-impresora-termica-de-etiquetas","12":"first","13":"instock","14":"taxable","15":"shipping-taxable","16":"purchasable","17":"product-type-simple"},"yoast_head":"<!-- This site is optimized with the Yoast SEO Premium plugin v22.3 (Yoast SEO v27.4) - https:\/\/yoast.com\/product\/yoast-seo-premium-wordpress\/ -->\n<title>Brother QL-600B Impresora de Etiquetas Profesional USB<\/title>\n<meta name=\"description\" content=\"Brother QL-600B Impresora de Etiquetas Profesional USB - Velocidad hasta 71mm\/s - 300 x 300ppp - Maprofar | T\u00f3ner Compatible Brother, HP y Soluciones de Impresi\u00f3n 3D\" \/>\n<meta name=\"robots\" content=\"index, follow, max-snippet:-1, max-image-preview:large, max-video-preview:-1\" \/>\n<link rel=\"canonical\" href=\"https:\/\/www.maprofar.com\/tienda\/producto\/brother-ql-600b-impresora-de-etiquetas-profesional-usb-velocidad-hasta-71mm-s-300-x-300ppp\/\" \/>\n<meta property=\"og:locale\" content=\"es_ES\" \/>\n<meta property=\"og:type\" content=\"article\" \/>\n<meta property=\"og:title\" content=\"Brother QL-600B Impresora de Etiquetas Profesional USB - Velocidad hasta 71mm\/s - 300 x 300ppp - Maprofar | T\u00f3ner Compatible Brother, HP y Soluciones de Impresi\u00f3n 3D\" \/>\n<meta property=\"og:description\" content=\"En Maprofar encontrar\u00e1s t\u00f3ner compatibles de calidad y material de oficina al mejor precio. Ahorra sin sacrificar rendimiento. \u00a1Aprovecha nuestras ofertas y descuentos!\" \/>\n<meta property=\"og:url\" content=\"https:\/\/www.maprofar.com\/tienda\/producto\/brother-ql-600b-impresora-de-etiquetas-profesional-usb-velocidad-hasta-71mm-s-300-x-300ppp\/\" \/>\n<meta property=\"og:site_name\" content=\"Maprofar | T\u00f3ner Compatible Brother, HP y Soluciones de Impresi\u00f3n 3D\" \/>\n<meta property=\"article:publisher\" content=\"https:\/\/es-es.facebook.com\/maprofar\" \/>\n<meta property=\"article:modified_time\" content=\"2026-02-16T18:02:28+00:00\" \/>\n<meta property=\"og:image\" content=\"https:\/\/www.maprofar.com\/tienda\/wp-content\/uploads\/2023\/02\/QL600B.jpg\" \/>\n\t<meta property=\"og:image:width\" content=\"530\" \/>\n\t<meta property=\"og:image:height\" content=\"530\" \/>\n\t<meta property=\"og:image:type\" content=\"image\/jpeg\" \/>\n<meta name=\"twitter:card\" content=\"summary_large_image\" \/>\n<meta name=\"twitter:label1\" content=\"Tiempo de lectura\" \/>\n\t<meta name=\"twitter:data1\" content=\"1 minuto\" \/>\n<script type=\"application\/ld+json\" class=\"yoast-schema-graph\">{\"@context\":\"https:\\\/\\\/schema.org\",\"@graph\":[{\"@type\":\"WebPage\",\"@id\":\"https:\\\/\\\/www.maprofar.com\\\/tienda\\\/producto\\\/brother-ql-600b-impresora-de-etiquetas-profesional-usb-velocidad-hasta-71mm-s-300-x-300ppp\\\/\",\"url\":\"https:\\\/\\\/www.maprofar.com\\\/tienda\\\/producto\\\/brother-ql-600b-impresora-de-etiquetas-profesional-usb-velocidad-hasta-71mm-s-300-x-300ppp\\\/\",\"name\":\"Brother QL-600B Impresora de Etiquetas Profesional USB\",\"isPartOf\":{\"@id\":\"https:\\\/\\\/www.maprofar.com\\\/tienda\\\/#website\"},\"primaryImageOfPage\":{\"@id\":\"https:\\\/\\\/www.maprofar.com\\\/tienda\\\/producto\\\/brother-ql-600b-impresora-de-etiquetas-profesional-usb-velocidad-hasta-71mm-s-300-x-300ppp\\\/#primaryimage\"},\"image\":{\"@id\":\"https:\\\/\\\/www.maprofar.com\\\/tienda\\\/producto\\\/brother-ql-600b-impresora-de-etiquetas-profesional-usb-velocidad-hasta-71mm-s-300-x-300ppp\\\/#primaryimage\"},\"thumbnailUrl\":\"https:\\\/\\\/www.maprofar.com\\\/tienda\\\/wp-content\\\/uploads\\\/2023\\\/02\\\/QL600B.jpg\",\"datePublished\":\"2023-02-13T11:21:21+00:00\",\"dateModified\":\"2026-02-16T18:02:28+00:00\",\"description\":\"Brother QL-600B Impresora de Etiquetas Profesional USB - Velocidad hasta 71mm\\\/s - 300 x 300ppp - Maprofar | T\u00f3ner Compatible Brother, HP y Soluciones de Impresi\u00f3n 3D\",\"breadcrumb\":{\"@id\":\"https:\\\/\\\/www.maprofar.com\\\/tienda\\\/producto\\\/brother-ql-600b-impresora-de-etiquetas-profesional-usb-velocidad-hasta-71mm-s-300-x-300ppp\\\/#breadcrumb\"},\"inLanguage\":\"es\",\"potentialAction\":[{\"@type\":\"ReadAction\",\"target\":[\"https:\\\/\\\/www.maprofar.com\\\/tienda\\\/producto\\\/brother-ql-600b-impresora-de-etiquetas-profesional-usb-velocidad-hasta-71mm-s-300-x-300ppp\\\/\"]}]},{\"@type\":\"ImageObject\",\"inLanguage\":\"es\",\"@id\":\"https:\\\/\\\/www.maprofar.com\\\/tienda\\\/producto\\\/brother-ql-600b-impresora-de-etiquetas-profesional-usb-velocidad-hasta-71mm-s-300-x-300ppp\\\/#primaryimage\",\"url\":\"https:\\\/\\\/www.maprofar.com\\\/tienda\\\/wp-content\\\/uploads\\\/2023\\\/02\\\/QL600B.jpg\",\"contentUrl\":\"https:\\\/\\\/www.maprofar.com\\\/tienda\\\/wp-content\\\/uploads\\\/2023\\\/02\\\/QL600B.jpg\",\"width\":530,\"height\":530,\"caption\":\"Brother QL-600B Impresora de Etiquetas Profesional USB - Velocidad hasta 71mm\\\/s - 300 x 300ppp\"},{\"@type\":\"BreadcrumbList\",\"@id\":\"https:\\\/\\\/www.maprofar.com\\\/tienda\\\/producto\\\/brother-ql-600b-impresora-de-etiquetas-profesional-usb-velocidad-hasta-71mm-s-300-x-300ppp\\\/#breadcrumb\",\"itemListElement\":[{\"@type\":\"ListItem\",\"position\":1,\"name\":\"Portada\",\"item\":\"https:\\\/\\\/www.maprofar.com\\\/tienda\\\/\"},{\"@type\":\"ListItem\",\"position\":2,\"name\":\"Inicio\",\"item\":\"https:\\\/\\\/www.maprofar.com\\\/tienda\\\/\"},{\"@type\":\"ListItem\",\"position\":3,\"name\":\"Brother QL-600B Impresora de Etiquetas Profesional USB &#8211; Velocidad hasta 71mm\\\/s &#8211; 300 x 300ppp\"}]},{\"@type\":\"WebSite\",\"@id\":\"https:\\\/\\\/www.maprofar.com\\\/tienda\\\/#website\",\"url\":\"https:\\\/\\\/www.maprofar.com\\\/tienda\\\/\",\"name\":\"Maprofar - Toner Compatibles y Material de Oficina\",\"description\":\"Encuentra en Maprofar tu t\u00f3ner compatible Brother y HP al mejor precio. Calidad garantizada, env\u00edo urgente 24h y asesoramiento t\u00e9cnico experto. \u00a1Vis\u00edtanos!\",\"publisher\":{\"@id\":\"https:\\\/\\\/www.maprofar.com\\\/tienda\\\/#organization\"},\"alternateName\":\"Maprofar Inform\u00e1tica\",\"potentialAction\":[{\"@type\":\"SearchAction\",\"target\":{\"@type\":\"EntryPoint\",\"urlTemplate\":\"https:\\\/\\\/www.maprofar.com\\\/tienda\\\/?s={search_term_string}\"},\"query-input\":{\"@type\":\"PropertyValueSpecification\",\"valueRequired\":true,\"valueName\":\"search_term_string\"}}],\"inLanguage\":\"es\"},{\"@type\":\"Organization\",\"@id\":\"https:\\\/\\\/www.maprofar.com\\\/tienda\\\/#organization\",\"name\":\"Maprofar S.L.\",\"url\":\"https:\\\/\\\/www.maprofar.com\\\/tienda\\\/\",\"logo\":{\"@type\":\"ImageObject\",\"inLanguage\":\"es\",\"@id\":\"https:\\\/\\\/www.maprofar.com\\\/tienda\\\/#\\\/schema\\\/logo\\\/image\\\/\",\"url\":\"https:\\\/\\\/www.maprofar.com\\\/tienda\\\/wp-content\\\/uploads\\\/2021\\\/05\\\/logo_circulo.jpg\",\"contentUrl\":\"https:\\\/\\\/www.maprofar.com\\\/tienda\\\/wp-content\\\/uploads\\\/2021\\\/05\\\/logo_circulo.jpg\",\"width\":404,\"height\":335,\"caption\":\"Maprofar S.L.\"},\"image\":{\"@id\":\"https:\\\/\\\/www.maprofar.com\\\/tienda\\\/#\\\/schema\\\/logo\\\/image\\\/\"},\"sameAs\":[\"https:\\\/\\\/es-es.facebook.com\\\/maprofar\",\"https:\\\/\\\/www.instagram.com\\\/maprofar_informatica\\\/\",\"https:\\\/\\\/www.pinterest.es\\\/maprofar\\\/\"]}]}<\/script>\n<!-- \/ Yoast SEO Premium plugin. -->","yoast_head_json":{"title":"Brother QL-600B Impresora de Etiquetas Profesional USB","description":"Brother QL-600B Impresora de Etiquetas Profesional USB - Velocidad hasta 71mm\/s - 300 x 300ppp - Maprofar | T\u00f3ner Compatible Brother, HP y Soluciones de Impresi\u00f3n 3D","robots":{"index":"index","follow":"follow","max-snippet":"max-snippet:-1","max-image-preview":"max-image-preview:large","max-video-preview":"max-video-preview:-1"},"canonical":"https:\/\/www.maprofar.com\/tienda\/producto\/brother-ql-600b-impresora-de-etiquetas-profesional-usb-velocidad-hasta-71mm-s-300-x-300ppp\/","og_locale":"es_ES","og_type":"article","og_title":"Brother QL-600B Impresora de Etiquetas Profesional USB - Velocidad hasta 71mm\/s - 300 x 300ppp - Maprofar | T\u00f3ner Compatible Brother, HP y Soluciones de Impresi\u00f3n 3D","og_description":"En Maprofar encontrar\u00e1s t\u00f3ner compatibles de calidad y material de oficina al mejor precio. Ahorra sin sacrificar rendimiento. \u00a1Aprovecha nuestras ofertas y descuentos!","og_url":"https:\/\/www.maprofar.com\/tienda\/producto\/brother-ql-600b-impresora-de-etiquetas-profesional-usb-velocidad-hasta-71mm-s-300-x-300ppp\/","og_site_name":"Maprofar | T\u00f3ner Compatible Brother, HP y Soluciones de Impresi\u00f3n 3D","article_publisher":"https:\/\/es-es.facebook.com\/maprofar","article_modified_time":"2026-02-16T18:02:28+00:00","og_image":[{"width":530,"height":530,"url":"https:\/\/www.maprofar.com\/tienda\/wp-content\/uploads\/2023\/02\/QL600B.jpg","type":"image\/jpeg"}],"twitter_card":"summary_large_image","twitter_misc":{"Tiempo de lectura":"1 minuto"},"schema":{"@context":"https:\/\/schema.org","@graph":[{"@type":"WebPage","@id":"https:\/\/www.maprofar.com\/tienda\/producto\/brother-ql-600b-impresora-de-etiquetas-profesional-usb-velocidad-hasta-71mm-s-300-x-300ppp\/","url":"https:\/\/www.maprofar.com\/tienda\/producto\/brother-ql-600b-impresora-de-etiquetas-profesional-usb-velocidad-hasta-71mm-s-300-x-300ppp\/","name":"Brother QL-600B Impresora de Etiquetas Profesional USB","isPartOf":{"@id":"https:\/\/www.maprofar.com\/tienda\/#website"},"primaryImageOfPage":{"@id":"https:\/\/www.maprofar.com\/tienda\/producto\/brother-ql-600b-impresora-de-etiquetas-profesional-usb-velocidad-hasta-71mm-s-300-x-300ppp\/#primaryimage"},"image":{"@id":"https:\/\/www.maprofar.com\/tienda\/producto\/brother-ql-600b-impresora-de-etiquetas-profesional-usb-velocidad-hasta-71mm-s-300-x-300ppp\/#primaryimage"},"thumbnailUrl":"https:\/\/www.maprofar.com\/tienda\/wp-content\/uploads\/2023\/02\/QL600B.jpg","datePublished":"2023-02-13T11:21:21+00:00","dateModified":"2026-02-16T18:02:28+00:00","description":"Brother QL-600B Impresora de Etiquetas Profesional USB - Velocidad hasta 71mm\/s - 300 x 300ppp - Maprofar | T\u00f3ner Compatible Brother, HP y Soluciones de Impresi\u00f3n 3D","breadcrumb":{"@id":"https:\/\/www.maprofar.com\/tienda\/producto\/brother-ql-600b-impresora-de-etiquetas-profesional-usb-velocidad-hasta-71mm-s-300-x-300ppp\/#breadcrumb"},"inLanguage":"es","potentialAction":[{"@type":"ReadAction","target":["https:\/\/www.maprofar.com\/tienda\/producto\/brother-ql-600b-impresora-de-etiquetas-profesional-usb-velocidad-hasta-71mm-s-300-x-300ppp\/"]}]},{"@type":"ImageObject","inLanguage":"es","@id":"https:\/\/www.maprofar.com\/tienda\/producto\/brother-ql-600b-impresora-de-etiquetas-profesional-usb-velocidad-hasta-71mm-s-300-x-300ppp\/#primaryimage","url":"https:\/\/www.maprofar.com\/tienda\/wp-content\/uploads\/2023\/02\/QL600B.jpg","contentUrl":"https:\/\/www.maprofar.com\/tienda\/wp-content\/uploads\/2023\/02\/QL600B.jpg","width":530,"height":530,"caption":"Brother QL-600B Impresora de Etiquetas Profesional USB - Velocidad hasta 71mm\/s - 300 x 300ppp"},{"@type":"BreadcrumbList","@id":"https:\/\/www.maprofar.com\/tienda\/producto\/brother-ql-600b-impresora-de-etiquetas-profesional-usb-velocidad-hasta-71mm-s-300-x-300ppp\/#breadcrumb","itemListElement":[{"@type":"ListItem","position":1,"name":"Portada","item":"https:\/\/www.maprofar.com\/tienda\/"},{"@type":"ListItem","position":2,"name":"Inicio","item":"https:\/\/www.maprofar.com\/tienda\/"},{"@type":"ListItem","position":3,"name":"Brother QL-600B Impresora de Etiquetas Profesional USB &#8211; Velocidad hasta 71mm\/s &#8211; 300 x 300ppp"}]},{"@type":"WebSite","@id":"https:\/\/www.maprofar.com\/tienda\/#website","url":"https:\/\/www.maprofar.com\/tienda\/","name":"Maprofar - Toner Compatibles y Material de Oficina","description":"Encuentra en Maprofar tu t\u00f3ner compatible Brother y HP al mejor precio. Calidad garantizada, env\u00edo urgente 24h y asesoramiento t\u00e9cnico experto. \u00a1Vis\u00edtanos!","publisher":{"@id":"https:\/\/www.maprofar.com\/tienda\/#organization"},"alternateName":"Maprofar Inform\u00e1tica","potentialAction":[{"@type":"SearchAction","target":{"@type":"EntryPoint","urlTemplate":"https:\/\/www.maprofar.com\/tienda\/?s={search_term_string}"},"query-input":{"@type":"PropertyValueSpecification","valueRequired":true,"valueName":"search_term_string"}}],"inLanguage":"es"},{"@type":"Organization","@id":"https:\/\/www.maprofar.com\/tienda\/#organization","name":"Maprofar S.L.","url":"https:\/\/www.maprofar.com\/tienda\/","logo":{"@type":"ImageObject","inLanguage":"es","@id":"https:\/\/www.maprofar.com\/tienda\/#\/schema\/logo\/image\/","url":"https:\/\/www.maprofar.com\/tienda\/wp-content\/uploads\/2021\/05\/logo_circulo.jpg","contentUrl":"https:\/\/www.maprofar.com\/tienda\/wp-content\/uploads\/2021\/05\/logo_circulo.jpg","width":404,"height":335,"caption":"Maprofar S.L."},"image":{"@id":"https:\/\/www.maprofar.com\/tienda\/#\/schema\/logo\/image\/"},"sameAs":["https:\/\/es-es.facebook.com\/maprofar","https:\/\/www.instagram.com\/maprofar_informatica\/","https:\/\/www.pinterest.es\/maprofar\/"]}]}},"_links":{"self":[{"href":"https:\/\/www.maprofar.com\/tienda\/wp-json\/wp\/v2\/product\/8939","targetHints":{"allow":["GET"]}}],"collection":[{"href":"https:\/\/www.maprofar.com\/tienda\/wp-json\/wp\/v2\/product"}],"about":[{"href":"https:\/\/www.maprofar.com\/tienda\/wp-json\/wp\/v2\/types\/product"}],"wp:featuredmedia":[{"embeddable":true,"href":"https:\/\/www.maprofar.com\/tienda\/wp-json\/wp\/v2\/media\/8940"}],"wp:attachment":[{"href":"https:\/\/www.maprofar.com\/tienda\/wp-json\/wp\/v2\/media?parent=8939"}],"wp:term":[{"taxonomy":"product_brand","embeddable":true,"href":"https:\/\/www.maprofar.com\/tienda\/wp-json\/wp\/v2\/product_brand?post=8939"},{"taxonomy":"product_cat","embeddable":true,"href":"https:\/\/www.maprofar.com\/tienda\/wp-json\/wp\/v2\/product_cat?post=8939"},{"taxonomy":"product_tag","embeddable":true,"href":"https:\/\/www.maprofar.com\/tienda\/wp-json\/wp\/v2\/product_tag?post=8939"}],"curies":[{"name":"wp","href":"https:\/\/api.w.org\/{rel}","templated":true}]}}