{"id":9771,"date":"2023-05-26T18:53:04","date_gmt":"2023-05-26T16:53:04","guid":{"rendered":"https:\/\/www.maprofar.com\/tienda\/?post_type=product&#038;p=9771"},"modified":"2025-03-04T20:41:55","modified_gmt":"2025-03-04T18:41:55","slug":"elba-caja-de-100-fundas-multitaladro-90-micras-formato-folio-16-perforaciones-acabado-piel-de-naranja","status":"publish","type":"product","link":"https:\/\/www.maprofar.com\/tienda\/producto\/elba-caja-de-100-fundas-multitaladro-90-micras-formato-folio-16-perforaciones-acabado-piel-de-naranja\/","title":{"rendered":"Elba Caja de 100 Fundas Multitaladro 90 Micras &#8211; Formato Folio &#8211; 16 Perforaciones &#8211; Acabado Piel de Naranja"},"content":{"rendered":"<p>Elba Caja de 100 Fundas Multitaladro 90 Micras &#8211; Formato Folio &#8211; 16 Perforaciones &#8211; Acabado Piel de Naranja<\/p>\n<p>Elba Caja de 100 Fundas Multitaladro<\/p>\n<p>Especificaciones:<\/p>\n<p>-Color: Transparente<br \/>\n-Perforaciones: 16<br \/>\n-Para formato: Folio<br \/>\n-Micras: 90<br \/>\n-Cantidad: 100ud<br \/>\n-Acabado: Piel de Naranja<\/p>\n<p><span style=\"color: #999999;\">Comprar Elba Caja de 100 Fundas Multitaladro 90 Micras &#8211; Formato Folio &#8211; 16 Perforaciones &#8211; Acabado Piel de Naranja<\/span><\/p>\n","protected":false},"excerpt":{"rendered":"<p class=\"titulo_subseccion_da\">CARACTER\u00cdSTICAS<\/p>\n<div class=\"listado_caracteristicas_da\"><span class=\"linea_datos_da\">\u2022 Marca:\u00a0<span class=\"gris_400\" title=\"Elba\">Elba<\/span><\/span><\/div>\n<div class=\"listado_caracteristicas_da\"><span class=\"linea_datos_da\" title=\"Transparente\">\u2022 Color:\u00a0<span class=\"gris_400\">Transparente<\/span><\/span><\/div>\n<div class=\"listado_caracteristicas_da\"><span class=\"linea_datos_da\" title=\"Elba\">\u2022 Fabricante:\u00a0<span class=\"gris_400\">Elba<\/span><\/span><\/div>\n<div class=\"listado_caracteristicas_da\"><span class=\"linea_datos_da\" title=\"\" aria-describedby=\"ui-id-15\">\u2022 Ref.:\u00a0<span class=\"gris_400\">400005365<\/span><\/span><\/div>\n","protected":false},"featured_media":9772,"template":"","meta":[],"product_brand":[],"product_cat":[152],"product_tag":[],"class_list":{"0":"post-9771","1":"product","2":"type-product","3":"status-publish","4":"has-post-thumbnail","6":"product_cat-fundas-dossiers-y-separadores","8":"first","9":"instock","10":"taxable","11":"shipping-taxable","12":"purchasable","13":"product-type-simple"},"yoast_head":"<!-- This site is optimized with the Yoast SEO Premium plugin v22.3 (Yoast SEO v27.4) - https:\/\/yoast.com\/product\/yoast-seo-premium-wordpress\/ -->\n<title>Elba Caja de 100 Fundas Multitaladro 90 Micras - Piel de Naranja<\/title>\n<meta name=\"description\" content=\"Elba Caja de 100 Fundas Multitaladro 90 Micras - Formato Folio - 16 Perforaciones - Acabado Piel de Naranja\" \/>\n<meta name=\"robots\" content=\"index, follow, max-snippet:-1, max-image-preview:large, max-video-preview:-1\" \/>\n<link rel=\"canonical\" href=\"https:\/\/www.maprofar.com\/tienda\/producto\/elba-caja-de-100-fundas-multitaladro-90-micras-formato-folio-16-perforaciones-acabado-piel-de-naranja\/\" \/>\n<meta property=\"og:locale\" content=\"es_ES\" \/>\n<meta property=\"og:type\" content=\"article\" \/>\n<meta property=\"og:title\" content=\"Elba Caja de 100 Fundas Multitaladro 90 Micras - Formato Folio - 16 Perforaciones - Acabado Piel de Naranja - Maprofar | T\u00f3ner Compatible Brother, HP y Soluciones de Impresi\u00f3n 3D\" \/>\n<meta property=\"og:description\" content=\"En Maprofar encontrar\u00e1s t\u00f3ner compatibles de calidad y material de oficina al mejor precio. Ahorra sin sacrificar rendimiento. \u00a1Aprovecha nuestras ofertas y descuentos!\" \/>\n<meta property=\"og:url\" content=\"https:\/\/www.maprofar.com\/tienda\/producto\/elba-caja-de-100-fundas-multitaladro-90-micras-formato-folio-16-perforaciones-acabado-piel-de-naranja\/\" \/>\n<meta property=\"og:site_name\" content=\"Maprofar | T\u00f3ner Compatible Brother, HP y Soluciones de Impresi\u00f3n 3D\" \/>\n<meta property=\"article:publisher\" content=\"https:\/\/es-es.facebook.com\/maprofar\" \/>\n<meta property=\"article:modified_time\" content=\"2025-03-04T18:41:55+00:00\" \/>\n<meta property=\"og:image\" content=\"https:\/\/www.maprofar.com\/tienda\/wp-content\/uploads\/2023\/05\/400005365.jpg\" \/>\n\t<meta property=\"og:image:width\" content=\"466\" \/>\n\t<meta property=\"og:image:height\" content=\"466\" \/>\n\t<meta property=\"og:image:type\" content=\"image\/jpeg\" \/>\n<meta name=\"twitter:card\" content=\"summary_large_image\" \/>\n<meta name=\"twitter:label1\" content=\"Tiempo de lectura\" \/>\n\t<meta name=\"twitter:data1\" content=\"1 minuto\" \/>\n<script type=\"application\/ld+json\" class=\"yoast-schema-graph\">{\"@context\":\"https:\\\/\\\/schema.org\",\"@graph\":[{\"@type\":\"WebPage\",\"@id\":\"https:\\\/\\\/www.maprofar.com\\\/tienda\\\/producto\\\/elba-caja-de-100-fundas-multitaladro-90-micras-formato-folio-16-perforaciones-acabado-piel-de-naranja\\\/\",\"url\":\"https:\\\/\\\/www.maprofar.com\\\/tienda\\\/producto\\\/elba-caja-de-100-fundas-multitaladro-90-micras-formato-folio-16-perforaciones-acabado-piel-de-naranja\\\/\",\"name\":\"Elba Caja de 100 Fundas Multitaladro 90 Micras - Piel de Naranja\",\"isPartOf\":{\"@id\":\"https:\\\/\\\/www.maprofar.com\\\/tienda\\\/#website\"},\"primaryImageOfPage\":{\"@id\":\"https:\\\/\\\/www.maprofar.com\\\/tienda\\\/producto\\\/elba-caja-de-100-fundas-multitaladro-90-micras-formato-folio-16-perforaciones-acabado-piel-de-naranja\\\/#primaryimage\"},\"image\":{\"@id\":\"https:\\\/\\\/www.maprofar.com\\\/tienda\\\/producto\\\/elba-caja-de-100-fundas-multitaladro-90-micras-formato-folio-16-perforaciones-acabado-piel-de-naranja\\\/#primaryimage\"},\"thumbnailUrl\":\"https:\\\/\\\/www.maprofar.com\\\/tienda\\\/wp-content\\\/uploads\\\/2023\\\/05\\\/400005365.jpg\",\"datePublished\":\"2023-05-26T16:53:04+00:00\",\"dateModified\":\"2025-03-04T18:41:55+00:00\",\"description\":\"Elba Caja de 100 Fundas Multitaladro 90 Micras - Formato Folio - 16 Perforaciones - Acabado Piel de Naranja\",\"breadcrumb\":{\"@id\":\"https:\\\/\\\/www.maprofar.com\\\/tienda\\\/producto\\\/elba-caja-de-100-fundas-multitaladro-90-micras-formato-folio-16-perforaciones-acabado-piel-de-naranja\\\/#breadcrumb\"},\"inLanguage\":\"es\",\"potentialAction\":[{\"@type\":\"ReadAction\",\"target\":[\"https:\\\/\\\/www.maprofar.com\\\/tienda\\\/producto\\\/elba-caja-de-100-fundas-multitaladro-90-micras-formato-folio-16-perforaciones-acabado-piel-de-naranja\\\/\"]}]},{\"@type\":\"ImageObject\",\"inLanguage\":\"es\",\"@id\":\"https:\\\/\\\/www.maprofar.com\\\/tienda\\\/producto\\\/elba-caja-de-100-fundas-multitaladro-90-micras-formato-folio-16-perforaciones-acabado-piel-de-naranja\\\/#primaryimage\",\"url\":\"https:\\\/\\\/www.maprofar.com\\\/tienda\\\/wp-content\\\/uploads\\\/2023\\\/05\\\/400005365.jpg\",\"contentUrl\":\"https:\\\/\\\/www.maprofar.com\\\/tienda\\\/wp-content\\\/uploads\\\/2023\\\/05\\\/400005365.jpg\",\"width\":466,\"height\":466,\"caption\":\"Elba Caja de 100 Fundas Multitaladro 90 Micras - Formato Folio - 16 Perforaciones - Acabado Piel de Naranja\"},{\"@type\":\"BreadcrumbList\",\"@id\":\"https:\\\/\\\/www.maprofar.com\\\/tienda\\\/producto\\\/elba-caja-de-100-fundas-multitaladro-90-micras-formato-folio-16-perforaciones-acabado-piel-de-naranja\\\/#breadcrumb\",\"itemListElement\":[{\"@type\":\"ListItem\",\"position\":1,\"name\":\"Portada\",\"item\":\"https:\\\/\\\/www.maprofar.com\\\/tienda\\\/\"},{\"@type\":\"ListItem\",\"position\":2,\"name\":\"Inicio\",\"item\":\"https:\\\/\\\/www.maprofar.com\\\/tienda\\\/\"},{\"@type\":\"ListItem\",\"position\":3,\"name\":\"Elba Caja de 100 Fundas Multitaladro 90 Micras &#8211; Formato Folio &#8211; 16 Perforaciones &#8211; Acabado Piel de Naranja\"}]},{\"@type\":\"WebSite\",\"@id\":\"https:\\\/\\\/www.maprofar.com\\\/tienda\\\/#website\",\"url\":\"https:\\\/\\\/www.maprofar.com\\\/tienda\\\/\",\"name\":\"Maprofar - Toner Compatibles y Material de Oficina\",\"description\":\"Encuentra en Maprofar tu t\u00f3ner compatible Brother y HP al mejor precio. Calidad garantizada, env\u00edo urgente 24h y asesoramiento t\u00e9cnico experto. \u00a1Vis\u00edtanos!\",\"publisher\":{\"@id\":\"https:\\\/\\\/www.maprofar.com\\\/tienda\\\/#organization\"},\"alternateName\":\"Maprofar Inform\u00e1tica\",\"potentialAction\":[{\"@type\":\"SearchAction\",\"target\":{\"@type\":\"EntryPoint\",\"urlTemplate\":\"https:\\\/\\\/www.maprofar.com\\\/tienda\\\/?s={search_term_string}\"},\"query-input\":{\"@type\":\"PropertyValueSpecification\",\"valueRequired\":true,\"valueName\":\"search_term_string\"}}],\"inLanguage\":\"es\"},{\"@type\":\"Organization\",\"@id\":\"https:\\\/\\\/www.maprofar.com\\\/tienda\\\/#organization\",\"name\":\"Maprofar S.L.\",\"url\":\"https:\\\/\\\/www.maprofar.com\\\/tienda\\\/\",\"logo\":{\"@type\":\"ImageObject\",\"inLanguage\":\"es\",\"@id\":\"https:\\\/\\\/www.maprofar.com\\\/tienda\\\/#\\\/schema\\\/logo\\\/image\\\/\",\"url\":\"https:\\\/\\\/www.maprofar.com\\\/tienda\\\/wp-content\\\/uploads\\\/2021\\\/05\\\/logo_circulo.jpg\",\"contentUrl\":\"https:\\\/\\\/www.maprofar.com\\\/tienda\\\/wp-content\\\/uploads\\\/2021\\\/05\\\/logo_circulo.jpg\",\"width\":404,\"height\":335,\"caption\":\"Maprofar S.L.\"},\"image\":{\"@id\":\"https:\\\/\\\/www.maprofar.com\\\/tienda\\\/#\\\/schema\\\/logo\\\/image\\\/\"},\"sameAs\":[\"https:\\\/\\\/es-es.facebook.com\\\/maprofar\",\"https:\\\/\\\/www.instagram.com\\\/maprofar_informatica\\\/\",\"https:\\\/\\\/www.pinterest.es\\\/maprofar\\\/\"]}]}<\/script>\n<!-- \/ Yoast SEO Premium plugin. -->","yoast_head_json":{"title":"Elba Caja de 100 Fundas Multitaladro 90 Micras - Piel de Naranja","description":"Elba Caja de 100 Fundas Multitaladro 90 Micras - Formato Folio - 16 Perforaciones - Acabado Piel de Naranja","robots":{"index":"index","follow":"follow","max-snippet":"max-snippet:-1","max-image-preview":"max-image-preview:large","max-video-preview":"max-video-preview:-1"},"canonical":"https:\/\/www.maprofar.com\/tienda\/producto\/elba-caja-de-100-fundas-multitaladro-90-micras-formato-folio-16-perforaciones-acabado-piel-de-naranja\/","og_locale":"es_ES","og_type":"article","og_title":"Elba Caja de 100 Fundas Multitaladro 90 Micras - Formato Folio - 16 Perforaciones - Acabado Piel de Naranja - Maprofar | T\u00f3ner Compatible Brother, HP y Soluciones de Impresi\u00f3n 3D","og_description":"En Maprofar encontrar\u00e1s t\u00f3ner compatibles de calidad y material de oficina al mejor precio. Ahorra sin sacrificar rendimiento. \u00a1Aprovecha nuestras ofertas y descuentos!","og_url":"https:\/\/www.maprofar.com\/tienda\/producto\/elba-caja-de-100-fundas-multitaladro-90-micras-formato-folio-16-perforaciones-acabado-piel-de-naranja\/","og_site_name":"Maprofar | T\u00f3ner Compatible Brother, HP y Soluciones de Impresi\u00f3n 3D","article_publisher":"https:\/\/es-es.facebook.com\/maprofar","article_modified_time":"2025-03-04T18:41:55+00:00","og_image":[{"width":466,"height":466,"url":"https:\/\/www.maprofar.com\/tienda\/wp-content\/uploads\/2023\/05\/400005365.jpg","type":"image\/jpeg"}],"twitter_card":"summary_large_image","twitter_misc":{"Tiempo de lectura":"1 minuto"},"schema":{"@context":"https:\/\/schema.org","@graph":[{"@type":"WebPage","@id":"https:\/\/www.maprofar.com\/tienda\/producto\/elba-caja-de-100-fundas-multitaladro-90-micras-formato-folio-16-perforaciones-acabado-piel-de-naranja\/","url":"https:\/\/www.maprofar.com\/tienda\/producto\/elba-caja-de-100-fundas-multitaladro-90-micras-formato-folio-16-perforaciones-acabado-piel-de-naranja\/","name":"Elba Caja de 100 Fundas Multitaladro 90 Micras - Piel de Naranja","isPartOf":{"@id":"https:\/\/www.maprofar.com\/tienda\/#website"},"primaryImageOfPage":{"@id":"https:\/\/www.maprofar.com\/tienda\/producto\/elba-caja-de-100-fundas-multitaladro-90-micras-formato-folio-16-perforaciones-acabado-piel-de-naranja\/#primaryimage"},"image":{"@id":"https:\/\/www.maprofar.com\/tienda\/producto\/elba-caja-de-100-fundas-multitaladro-90-micras-formato-folio-16-perforaciones-acabado-piel-de-naranja\/#primaryimage"},"thumbnailUrl":"https:\/\/www.maprofar.com\/tienda\/wp-content\/uploads\/2023\/05\/400005365.jpg","datePublished":"2023-05-26T16:53:04+00:00","dateModified":"2025-03-04T18:41:55+00:00","description":"Elba Caja de 100 Fundas Multitaladro 90 Micras - Formato Folio - 16 Perforaciones - Acabado Piel de Naranja","breadcrumb":{"@id":"https:\/\/www.maprofar.com\/tienda\/producto\/elba-caja-de-100-fundas-multitaladro-90-micras-formato-folio-16-perforaciones-acabado-piel-de-naranja\/#breadcrumb"},"inLanguage":"es","potentialAction":[{"@type":"ReadAction","target":["https:\/\/www.maprofar.com\/tienda\/producto\/elba-caja-de-100-fundas-multitaladro-90-micras-formato-folio-16-perforaciones-acabado-piel-de-naranja\/"]}]},{"@type":"ImageObject","inLanguage":"es","@id":"https:\/\/www.maprofar.com\/tienda\/producto\/elba-caja-de-100-fundas-multitaladro-90-micras-formato-folio-16-perforaciones-acabado-piel-de-naranja\/#primaryimage","url":"https:\/\/www.maprofar.com\/tienda\/wp-content\/uploads\/2023\/05\/400005365.jpg","contentUrl":"https:\/\/www.maprofar.com\/tienda\/wp-content\/uploads\/2023\/05\/400005365.jpg","width":466,"height":466,"caption":"Elba Caja de 100 Fundas Multitaladro 90 Micras - Formato Folio - 16 Perforaciones - Acabado Piel de Naranja"},{"@type":"BreadcrumbList","@id":"https:\/\/www.maprofar.com\/tienda\/producto\/elba-caja-de-100-fundas-multitaladro-90-micras-formato-folio-16-perforaciones-acabado-piel-de-naranja\/#breadcrumb","itemListElement":[{"@type":"ListItem","position":1,"name":"Portada","item":"https:\/\/www.maprofar.com\/tienda\/"},{"@type":"ListItem","position":2,"name":"Inicio","item":"https:\/\/www.maprofar.com\/tienda\/"},{"@type":"ListItem","position":3,"name":"Elba Caja de 100 Fundas Multitaladro 90 Micras &#8211; Formato Folio &#8211; 16 Perforaciones &#8211; Acabado Piel de Naranja"}]},{"@type":"WebSite","@id":"https:\/\/www.maprofar.com\/tienda\/#website","url":"https:\/\/www.maprofar.com\/tienda\/","name":"Maprofar - Toner Compatibles y Material de Oficina","description":"Encuentra en Maprofar tu t\u00f3ner compatible Brother y HP al mejor precio. Calidad garantizada, env\u00edo urgente 24h y asesoramiento t\u00e9cnico experto. \u00a1Vis\u00edtanos!","publisher":{"@id":"https:\/\/www.maprofar.com\/tienda\/#organization"},"alternateName":"Maprofar Inform\u00e1tica","potentialAction":[{"@type":"SearchAction","target":{"@type":"EntryPoint","urlTemplate":"https:\/\/www.maprofar.com\/tienda\/?s={search_term_string}"},"query-input":{"@type":"PropertyValueSpecification","valueRequired":true,"valueName":"search_term_string"}}],"inLanguage":"es"},{"@type":"Organization","@id":"https:\/\/www.maprofar.com\/tienda\/#organization","name":"Maprofar S.L.","url":"https:\/\/www.maprofar.com\/tienda\/","logo":{"@type":"ImageObject","inLanguage":"es","@id":"https:\/\/www.maprofar.com\/tienda\/#\/schema\/logo\/image\/","url":"https:\/\/www.maprofar.com\/tienda\/wp-content\/uploads\/2021\/05\/logo_circulo.jpg","contentUrl":"https:\/\/www.maprofar.com\/tienda\/wp-content\/uploads\/2021\/05\/logo_circulo.jpg","width":404,"height":335,"caption":"Maprofar S.L."},"image":{"@id":"https:\/\/www.maprofar.com\/tienda\/#\/schema\/logo\/image\/"},"sameAs":["https:\/\/es-es.facebook.com\/maprofar","https:\/\/www.instagram.com\/maprofar_informatica\/","https:\/\/www.pinterest.es\/maprofar\/"]}]}},"_links":{"self":[{"href":"https:\/\/www.maprofar.com\/tienda\/wp-json\/wp\/v2\/product\/9771","targetHints":{"allow":["GET"]}}],"collection":[{"href":"https:\/\/www.maprofar.com\/tienda\/wp-json\/wp\/v2\/product"}],"about":[{"href":"https:\/\/www.maprofar.com\/tienda\/wp-json\/wp\/v2\/types\/product"}],"wp:featuredmedia":[{"embeddable":true,"href":"https:\/\/www.maprofar.com\/tienda\/wp-json\/wp\/v2\/media\/9772"}],"wp:attachment":[{"href":"https:\/\/www.maprofar.com\/tienda\/wp-json\/wp\/v2\/media?parent=9771"}],"wp:term":[{"taxonomy":"product_brand","embeddable":true,"href":"https:\/\/www.maprofar.com\/tienda\/wp-json\/wp\/v2\/product_brand?post=9771"},{"taxonomy":"product_cat","embeddable":true,"href":"https:\/\/www.maprofar.com\/tienda\/wp-json\/wp\/v2\/product_cat?post=9771"},{"taxonomy":"product_tag","embeddable":true,"href":"https:\/\/www.maprofar.com\/tienda\/wp-json\/wp\/v2\/product_tag?post=9771"}],"curies":[{"name":"wp","href":"https:\/\/api.w.org\/{rel}","templated":true}]}}