{"id":9773,"date":"2023-05-29T11:51:08","date_gmt":"2023-05-29T09:51:08","guid":{"rendered":"https:\/\/www.maprofar.com\/tienda\/?post_type=product&#038;p=9773"},"modified":"2025-11-12T11:39:31","modified_gmt":"2025-11-12T10:39:31","slug":"apli-dispensador-de-precinto-para-rollo-normal-y-compacto-facil-de-usar-y-cargar-resistente-y-duradero-blanco","status":"publish","type":"product","link":"https:\/\/www.maprofar.com\/tienda\/producto\/apli-dispensador-de-precinto-para-rollo-normal-y-compacto-facil-de-usar-y-cargar-resistente-y-duradero-blanco\/","title":{"rendered":"Apli Dispensador de Precinto &#8211; para Rollo Normal y Compacto &#8211; Facil de Usar y Cargar &#8211; Resistente y Duradero &#8211; Blanco"},"content":{"rendered":"<p>Apli Dispensador de Precinto &#8211; para Rollo Normal y Compacto &#8211; Facil de Usar y Cargar &#8211; Resistente y Duradero &#8211; Blanco<\/p>\n<p>El dispensador de precinto es un producto ideal para aquellos que necesitan un sistema de ajuste de mandril compatible con todos los rollos. Este dispensador es apto para rollos normales y compactos de 66 m y 132 m, y cuenta con un adaptador que puede mantenerse o retirarse en funci\u00f3n del tipo de rollo que se vaya a utilizar. Adem\u00e1s, su mango r\u00edgido resistente a impactos lo hace ideal para un uso continuado.<\/p>\n<p>Caracter\u00edsticas:<br \/>\n&#8211; Compatible con rollos normales y compactos de 66 m y 132 m.<br \/>\n&#8211; Adaptador que se puede mantener o retirar seg\u00fan el tipo de rollo.<br \/>\n&#8211; Sistema de ajuste de mandril compatible con todos los rollos.<br \/>\n&#8211; Mango r\u00edgido resistente a impactos.<br \/>\n&#8211; Protector de cuchilla para m\u00e1xima seguridad.<br \/>\n&#8211; Freno regulable para ajustar la velocidad de desenrollado.<\/p>\n<p>Especificaciones:<br \/>\n&#8211; Peso: 1,2 kg.<br \/>\n&#8211; Dimensiones: 25 x 15 x 10 cm.<br \/>\n&#8211; Material: pl\u00e1stico resistente.<br \/>\n&#8211; Color: negro.<br \/>\n&#8211; Capacidad m\u00e1xima del rollo: 132 m.<br \/>\n&#8211; Tipo de corte: recto.<br \/>\n&#8211; Tipo de freno: regulable.<\/p>\n<p><span style=\"color: #999999;\">Comprar Apli Dispensador de Precinto &#8211; para Rollo Normal y Compacto &#8211; Facil de Usar y Cargar &#8211; Resistente y Duradero &#8211; Blanco<\/span><\/p>\n","protected":false},"excerpt":{"rendered":"<p class=\"titulo_subseccion_da\">CARACTER\u00cdSTICAS<\/p>\n<div class=\"listado_caracteristicas_da\"><span class=\"linea_datos_da\">\u2022 Marca:\u00a0<span class=\"gris_400\" title=\"Apli\">Apli<\/span><\/span><\/div>\n<div class=\"listado_caracteristicas_da\"><span class=\"linea_datos_da\" title=\"Verde\">\u2022 Color:\u00a0<span class=\"gris_400\">Verde<\/span><\/span><\/div>\n<div class=\"listado_caracteristicas_da\"><span class=\"linea_datos_da\" title=\"Apli\">\u2022 Fabricante:\u00a0<span class=\"gris_400\">Apli<\/span><\/span><\/div>\n<div class=\"listado_caracteristicas_da\"><span class=\"linea_datos_da\" title=\"\" aria-describedby=\"ui-id-9\">\u2022 Ref.:\u00a0<span class=\"gris_400\">12874<\/span><\/span><\/div>\n","protected":false},"featured_media":9774,"template":"","meta":[],"product_brand":[],"product_cat":[159],"product_tag":[],"class_list":{"0":"post-9773","1":"product","2":"type-product","3":"status-publish","4":"has-post-thumbnail","6":"product_cat-precinto-y-cintas-de-embalaje","8":"first","9":"instock","10":"taxable","11":"shipping-taxable","12":"purchasable","13":"product-type-simple"},"yoast_head":"<!-- This site is optimized with the Yoast SEO Premium plugin v22.3 (Yoast SEO v27.4) - https:\/\/yoast.com\/product\/yoast-seo-premium-wordpress\/ -->\n<title>Apli Dispensador de Precinto - para Rollo Normal y Compacto<\/title>\n<meta name=\"description\" content=\"Apli Dispensador de Precinto - para Rollo Normal y Compacto - Facil de Usar y Cargar - Resistente y Duradero - Blanco\" \/>\n<meta name=\"robots\" content=\"index, follow, max-snippet:-1, max-image-preview:large, max-video-preview:-1\" \/>\n<link rel=\"canonical\" href=\"https:\/\/www.maprofar.com\/tienda\/producto\/apli-dispensador-de-precinto-para-rollo-normal-y-compacto-facil-de-usar-y-cargar-resistente-y-duradero-blanco\/\" \/>\n<meta property=\"og:locale\" content=\"es_ES\" \/>\n<meta property=\"og:type\" content=\"article\" \/>\n<meta property=\"og:title\" content=\"Apli Dispensador de Precinto - para Rollo Normal y Compacto - Facil de Usar y Cargar - Resistente y Duradero - Blanco - Maprofar | T\u00f3ner Compatible Brother, HP y Soluciones de Impresi\u00f3n 3D\" \/>\n<meta property=\"og:description\" content=\"En Maprofar encontrar\u00e1s t\u00f3ner compatibles de calidad y material de oficina al mejor precio. Ahorra sin sacrificar rendimiento. \u00a1Aprovecha nuestras ofertas y descuentos!\" \/>\n<meta property=\"og:url\" content=\"https:\/\/www.maprofar.com\/tienda\/producto\/apli-dispensador-de-precinto-para-rollo-normal-y-compacto-facil-de-usar-y-cargar-resistente-y-duradero-blanco\/\" \/>\n<meta property=\"og:site_name\" content=\"Maprofar | T\u00f3ner Compatible Brother, HP y Soluciones de Impresi\u00f3n 3D\" \/>\n<meta property=\"article:publisher\" content=\"https:\/\/es-es.facebook.com\/maprofar\" \/>\n<meta property=\"article:modified_time\" content=\"2025-11-12T10:39:31+00:00\" \/>\n<meta property=\"og:image\" content=\"https:\/\/www.maprofar.com\/tienda\/wp-content\/uploads\/2023\/05\/12874_1.jpg\" \/>\n\t<meta property=\"og:image:width\" content=\"1513\" \/>\n\t<meta property=\"og:image:height\" content=\"2362\" \/>\n\t<meta property=\"og:image:type\" content=\"image\/jpeg\" \/>\n<meta name=\"twitter:card\" content=\"summary_large_image\" \/>\n<meta name=\"twitter:label1\" content=\"Tiempo de lectura\" \/>\n\t<meta name=\"twitter:data1\" content=\"1 minuto\" \/>\n<script type=\"application\/ld+json\" class=\"yoast-schema-graph\">{\"@context\":\"https:\\\/\\\/schema.org\",\"@graph\":[{\"@type\":\"WebPage\",\"@id\":\"https:\\\/\\\/www.maprofar.com\\\/tienda\\\/producto\\\/apli-dispensador-de-precinto-para-rollo-normal-y-compacto-facil-de-usar-y-cargar-resistente-y-duradero-blanco\\\/\",\"url\":\"https:\\\/\\\/www.maprofar.com\\\/tienda\\\/producto\\\/apli-dispensador-de-precinto-para-rollo-normal-y-compacto-facil-de-usar-y-cargar-resistente-y-duradero-blanco\\\/\",\"name\":\"Apli Dispensador de Precinto - para Rollo Normal y Compacto\",\"isPartOf\":{\"@id\":\"https:\\\/\\\/www.maprofar.com\\\/tienda\\\/#website\"},\"primaryImageOfPage\":{\"@id\":\"https:\\\/\\\/www.maprofar.com\\\/tienda\\\/producto\\\/apli-dispensador-de-precinto-para-rollo-normal-y-compacto-facil-de-usar-y-cargar-resistente-y-duradero-blanco\\\/#primaryimage\"},\"image\":{\"@id\":\"https:\\\/\\\/www.maprofar.com\\\/tienda\\\/producto\\\/apli-dispensador-de-precinto-para-rollo-normal-y-compacto-facil-de-usar-y-cargar-resistente-y-duradero-blanco\\\/#primaryimage\"},\"thumbnailUrl\":\"https:\\\/\\\/www.maprofar.com\\\/tienda\\\/wp-content\\\/uploads\\\/2023\\\/05\\\/12874_1.jpg\",\"datePublished\":\"2023-05-29T09:51:08+00:00\",\"dateModified\":\"2025-11-12T10:39:31+00:00\",\"description\":\"Apli Dispensador de Precinto - para Rollo Normal y Compacto - Facil de Usar y Cargar - Resistente y Duradero - Blanco\",\"breadcrumb\":{\"@id\":\"https:\\\/\\\/www.maprofar.com\\\/tienda\\\/producto\\\/apli-dispensador-de-precinto-para-rollo-normal-y-compacto-facil-de-usar-y-cargar-resistente-y-duradero-blanco\\\/#breadcrumb\"},\"inLanguage\":\"es\",\"potentialAction\":[{\"@type\":\"ReadAction\",\"target\":[\"https:\\\/\\\/www.maprofar.com\\\/tienda\\\/producto\\\/apli-dispensador-de-precinto-para-rollo-normal-y-compacto-facil-de-usar-y-cargar-resistente-y-duradero-blanco\\\/\"]}]},{\"@type\":\"ImageObject\",\"inLanguage\":\"es\",\"@id\":\"https:\\\/\\\/www.maprofar.com\\\/tienda\\\/producto\\\/apli-dispensador-de-precinto-para-rollo-normal-y-compacto-facil-de-usar-y-cargar-resistente-y-duradero-blanco\\\/#primaryimage\",\"url\":\"https:\\\/\\\/www.maprofar.com\\\/tienda\\\/wp-content\\\/uploads\\\/2023\\\/05\\\/12874_1.jpg\",\"contentUrl\":\"https:\\\/\\\/www.maprofar.com\\\/tienda\\\/wp-content\\\/uploads\\\/2023\\\/05\\\/12874_1.jpg\",\"width\":1513,\"height\":2362,\"caption\":\"OLYMPUS DIGITAL CAMERA\"},{\"@type\":\"BreadcrumbList\",\"@id\":\"https:\\\/\\\/www.maprofar.com\\\/tienda\\\/producto\\\/apli-dispensador-de-precinto-para-rollo-normal-y-compacto-facil-de-usar-y-cargar-resistente-y-duradero-blanco\\\/#breadcrumb\",\"itemListElement\":[{\"@type\":\"ListItem\",\"position\":1,\"name\":\"Portada\",\"item\":\"https:\\\/\\\/www.maprofar.com\\\/tienda\\\/\"},{\"@type\":\"ListItem\",\"position\":2,\"name\":\"Inicio\",\"item\":\"https:\\\/\\\/www.maprofar.com\\\/tienda\\\/\"},{\"@type\":\"ListItem\",\"position\":3,\"name\":\"Apli Dispensador de Precinto &#8211; para Rollo Normal y Compacto &#8211; Facil de Usar y Cargar &#8211; Resistente y Duradero &#8211; Blanco\"}]},{\"@type\":\"WebSite\",\"@id\":\"https:\\\/\\\/www.maprofar.com\\\/tienda\\\/#website\",\"url\":\"https:\\\/\\\/www.maprofar.com\\\/tienda\\\/\",\"name\":\"Maprofar - Toner Compatibles y Material de Oficina\",\"description\":\"Encuentra en Maprofar tu t\u00f3ner compatible Brother y HP al mejor precio. Calidad garantizada, env\u00edo urgente 24h y asesoramiento t\u00e9cnico experto. \u00a1Vis\u00edtanos!\",\"publisher\":{\"@id\":\"https:\\\/\\\/www.maprofar.com\\\/tienda\\\/#organization\"},\"alternateName\":\"Maprofar Inform\u00e1tica\",\"potentialAction\":[{\"@type\":\"SearchAction\",\"target\":{\"@type\":\"EntryPoint\",\"urlTemplate\":\"https:\\\/\\\/www.maprofar.com\\\/tienda\\\/?s={search_term_string}\"},\"query-input\":{\"@type\":\"PropertyValueSpecification\",\"valueRequired\":true,\"valueName\":\"search_term_string\"}}],\"inLanguage\":\"es\"},{\"@type\":\"Organization\",\"@id\":\"https:\\\/\\\/www.maprofar.com\\\/tienda\\\/#organization\",\"name\":\"Maprofar S.L.\",\"url\":\"https:\\\/\\\/www.maprofar.com\\\/tienda\\\/\",\"logo\":{\"@type\":\"ImageObject\",\"inLanguage\":\"es\",\"@id\":\"https:\\\/\\\/www.maprofar.com\\\/tienda\\\/#\\\/schema\\\/logo\\\/image\\\/\",\"url\":\"https:\\\/\\\/www.maprofar.com\\\/tienda\\\/wp-content\\\/uploads\\\/2021\\\/05\\\/logo_circulo.jpg\",\"contentUrl\":\"https:\\\/\\\/www.maprofar.com\\\/tienda\\\/wp-content\\\/uploads\\\/2021\\\/05\\\/logo_circulo.jpg\",\"width\":404,\"height\":335,\"caption\":\"Maprofar S.L.\"},\"image\":{\"@id\":\"https:\\\/\\\/www.maprofar.com\\\/tienda\\\/#\\\/schema\\\/logo\\\/image\\\/\"},\"sameAs\":[\"https:\\\/\\\/es-es.facebook.com\\\/maprofar\",\"https:\\\/\\\/www.instagram.com\\\/maprofar_informatica\\\/\",\"https:\\\/\\\/www.pinterest.es\\\/maprofar\\\/\"]}]}<\/script>\n<!-- \/ Yoast SEO Premium plugin. -->","yoast_head_json":{"title":"Apli Dispensador de Precinto - para Rollo Normal y Compacto","description":"Apli Dispensador de Precinto - para Rollo Normal y Compacto - Facil de Usar y Cargar - Resistente y Duradero - Blanco","robots":{"index":"index","follow":"follow","max-snippet":"max-snippet:-1","max-image-preview":"max-image-preview:large","max-video-preview":"max-video-preview:-1"},"canonical":"https:\/\/www.maprofar.com\/tienda\/producto\/apli-dispensador-de-precinto-para-rollo-normal-y-compacto-facil-de-usar-y-cargar-resistente-y-duradero-blanco\/","og_locale":"es_ES","og_type":"article","og_title":"Apli Dispensador de Precinto - para Rollo Normal y Compacto - Facil de Usar y Cargar - Resistente y Duradero - Blanco - Maprofar | T\u00f3ner Compatible Brother, HP y Soluciones de Impresi\u00f3n 3D","og_description":"En Maprofar encontrar\u00e1s t\u00f3ner compatibles de calidad y material de oficina al mejor precio. Ahorra sin sacrificar rendimiento. \u00a1Aprovecha nuestras ofertas y descuentos!","og_url":"https:\/\/www.maprofar.com\/tienda\/producto\/apli-dispensador-de-precinto-para-rollo-normal-y-compacto-facil-de-usar-y-cargar-resistente-y-duradero-blanco\/","og_site_name":"Maprofar | T\u00f3ner Compatible Brother, HP y Soluciones de Impresi\u00f3n 3D","article_publisher":"https:\/\/es-es.facebook.com\/maprofar","article_modified_time":"2025-11-12T10:39:31+00:00","og_image":[{"width":1513,"height":2362,"url":"https:\/\/www.maprofar.com\/tienda\/wp-content\/uploads\/2023\/05\/12874_1.jpg","type":"image\/jpeg"}],"twitter_card":"summary_large_image","twitter_misc":{"Tiempo de lectura":"1 minuto"},"schema":{"@context":"https:\/\/schema.org","@graph":[{"@type":"WebPage","@id":"https:\/\/www.maprofar.com\/tienda\/producto\/apli-dispensador-de-precinto-para-rollo-normal-y-compacto-facil-de-usar-y-cargar-resistente-y-duradero-blanco\/","url":"https:\/\/www.maprofar.com\/tienda\/producto\/apli-dispensador-de-precinto-para-rollo-normal-y-compacto-facil-de-usar-y-cargar-resistente-y-duradero-blanco\/","name":"Apli Dispensador de Precinto - para Rollo Normal y Compacto","isPartOf":{"@id":"https:\/\/www.maprofar.com\/tienda\/#website"},"primaryImageOfPage":{"@id":"https:\/\/www.maprofar.com\/tienda\/producto\/apli-dispensador-de-precinto-para-rollo-normal-y-compacto-facil-de-usar-y-cargar-resistente-y-duradero-blanco\/#primaryimage"},"image":{"@id":"https:\/\/www.maprofar.com\/tienda\/producto\/apli-dispensador-de-precinto-para-rollo-normal-y-compacto-facil-de-usar-y-cargar-resistente-y-duradero-blanco\/#primaryimage"},"thumbnailUrl":"https:\/\/www.maprofar.com\/tienda\/wp-content\/uploads\/2023\/05\/12874_1.jpg","datePublished":"2023-05-29T09:51:08+00:00","dateModified":"2025-11-12T10:39:31+00:00","description":"Apli Dispensador de Precinto - para Rollo Normal y Compacto - Facil de Usar y Cargar - Resistente y Duradero - Blanco","breadcrumb":{"@id":"https:\/\/www.maprofar.com\/tienda\/producto\/apli-dispensador-de-precinto-para-rollo-normal-y-compacto-facil-de-usar-y-cargar-resistente-y-duradero-blanco\/#breadcrumb"},"inLanguage":"es","potentialAction":[{"@type":"ReadAction","target":["https:\/\/www.maprofar.com\/tienda\/producto\/apli-dispensador-de-precinto-para-rollo-normal-y-compacto-facil-de-usar-y-cargar-resistente-y-duradero-blanco\/"]}]},{"@type":"ImageObject","inLanguage":"es","@id":"https:\/\/www.maprofar.com\/tienda\/producto\/apli-dispensador-de-precinto-para-rollo-normal-y-compacto-facil-de-usar-y-cargar-resistente-y-duradero-blanco\/#primaryimage","url":"https:\/\/www.maprofar.com\/tienda\/wp-content\/uploads\/2023\/05\/12874_1.jpg","contentUrl":"https:\/\/www.maprofar.com\/tienda\/wp-content\/uploads\/2023\/05\/12874_1.jpg","width":1513,"height":2362,"caption":"OLYMPUS DIGITAL CAMERA"},{"@type":"BreadcrumbList","@id":"https:\/\/www.maprofar.com\/tienda\/producto\/apli-dispensador-de-precinto-para-rollo-normal-y-compacto-facil-de-usar-y-cargar-resistente-y-duradero-blanco\/#breadcrumb","itemListElement":[{"@type":"ListItem","position":1,"name":"Portada","item":"https:\/\/www.maprofar.com\/tienda\/"},{"@type":"ListItem","position":2,"name":"Inicio","item":"https:\/\/www.maprofar.com\/tienda\/"},{"@type":"ListItem","position":3,"name":"Apli Dispensador de Precinto &#8211; para Rollo Normal y Compacto &#8211; Facil de Usar y Cargar &#8211; Resistente y Duradero &#8211; Blanco"}]},{"@type":"WebSite","@id":"https:\/\/www.maprofar.com\/tienda\/#website","url":"https:\/\/www.maprofar.com\/tienda\/","name":"Maprofar - Toner Compatibles y Material de Oficina","description":"Encuentra en Maprofar tu t\u00f3ner compatible Brother y HP al mejor precio. Calidad garantizada, env\u00edo urgente 24h y asesoramiento t\u00e9cnico experto. \u00a1Vis\u00edtanos!","publisher":{"@id":"https:\/\/www.maprofar.com\/tienda\/#organization"},"alternateName":"Maprofar Inform\u00e1tica","potentialAction":[{"@type":"SearchAction","target":{"@type":"EntryPoint","urlTemplate":"https:\/\/www.maprofar.com\/tienda\/?s={search_term_string}"},"query-input":{"@type":"PropertyValueSpecification","valueRequired":true,"valueName":"search_term_string"}}],"inLanguage":"es"},{"@type":"Organization","@id":"https:\/\/www.maprofar.com\/tienda\/#organization","name":"Maprofar S.L.","url":"https:\/\/www.maprofar.com\/tienda\/","logo":{"@type":"ImageObject","inLanguage":"es","@id":"https:\/\/www.maprofar.com\/tienda\/#\/schema\/logo\/image\/","url":"https:\/\/www.maprofar.com\/tienda\/wp-content\/uploads\/2021\/05\/logo_circulo.jpg","contentUrl":"https:\/\/www.maprofar.com\/tienda\/wp-content\/uploads\/2021\/05\/logo_circulo.jpg","width":404,"height":335,"caption":"Maprofar S.L."},"image":{"@id":"https:\/\/www.maprofar.com\/tienda\/#\/schema\/logo\/image\/"},"sameAs":["https:\/\/es-es.facebook.com\/maprofar","https:\/\/www.instagram.com\/maprofar_informatica\/","https:\/\/www.pinterest.es\/maprofar\/"]}]}},"_links":{"self":[{"href":"https:\/\/www.maprofar.com\/tienda\/wp-json\/wp\/v2\/product\/9773","targetHints":{"allow":["GET"]}}],"collection":[{"href":"https:\/\/www.maprofar.com\/tienda\/wp-json\/wp\/v2\/product"}],"about":[{"href":"https:\/\/www.maprofar.com\/tienda\/wp-json\/wp\/v2\/types\/product"}],"wp:featuredmedia":[{"embeddable":true,"href":"https:\/\/www.maprofar.com\/tienda\/wp-json\/wp\/v2\/media\/9774"}],"wp:attachment":[{"href":"https:\/\/www.maprofar.com\/tienda\/wp-json\/wp\/v2\/media?parent=9773"}],"wp:term":[{"taxonomy":"product_brand","embeddable":true,"href":"https:\/\/www.maprofar.com\/tienda\/wp-json\/wp\/v2\/product_brand?post=9773"},{"taxonomy":"product_cat","embeddable":true,"href":"https:\/\/www.maprofar.com\/tienda\/wp-json\/wp\/v2\/product_cat?post=9773"},{"taxonomy":"product_tag","embeddable":true,"href":"https:\/\/www.maprofar.com\/tienda\/wp-json\/wp\/v2\/product_tag?post=9773"}],"curies":[{"name":"wp","href":"https:\/\/api.w.org\/{rel}","templated":true}]}}