{"id":9985,"date":"2023-06-12T11:37:36","date_gmt":"2023-06-12T09:37:36","guid":{"rendered":"https:\/\/www.maprofar.com\/tienda\/?post_type=product&#038;p=9985"},"modified":"2026-03-06T13:21:42","modified_gmt":"2026-03-06T12:21:42","slug":"filamento-3d-petg-diametro-1-75mm-bobina-1kg-color-negro","status":"publish","type":"product","link":"https:\/\/www.maprofar.com\/tienda\/producto\/filamento-3d-petg-diametro-1-75mm-bobina-1kg-color-negro\/","title":{"rendered":"Filamento 3D PETG &#8211; Diametro 1.75mm &#8211; Bobina 1kg &#8211; Color Negro"},"content":{"rendered":"<p>Filamento 3D PETG &#8211; Diametro 1.75mm &#8211; Bobina 1kg &#8211; Color Negro<\/p>\n<p>Nuestro filamento PETG (1,75mm o 2.85mm) es un filamento fabricado en Espa\u00f1a para<br \/>\nimpresoras 3D con tecnolog\u00eda FFF\/FDM.<\/p>\n<p>El PETG es tereftalato de polietileno, con un modificador (Glycol-modificado), que realiza un cambio en la estructura qu\u00edmica que lo hace m\u00e1s transparente, menos fr\u00e1gil y f\u00e1cil de<br \/>\nimprimir.<\/p>\n<p>Nuestro PETG, mejora respecto al ABS en ser resistente y m\u00e1s f\u00e1cil de imprimir con la<br \/>\npeculiaridad de fundirse a una temperatura mayor. Respecto al PLA, es m\u00e1s resistente en<br \/>\ntemperatura y en propiedades f\u00edsicas, siendo su impresi\u00f3n m\u00e1s compleja.<\/p>\n<p>El PETG se caracteriza por contar con unas muy buenas propiedades mec\u00e1nicas. Tiene<br \/>\nm\u00e1s elasticidad, resiste m\u00e1s a los impactos, tiene m\u00e1s adherencia entre capas y resiste m\u00e1s a la temperatura comparado con el PLA.<\/p>\n<p>Caracter\u00edsticas:<br \/>\n-Di\u00e1metro de 1.75mm.<br \/>\n-Bobina de 1000 gramos.<\/p>\n<p>Par\u00e1metros de impresi\u00f3n generales:<br \/>\n-Temperatura del nozzle (entre 240\u00baC y 260\u00baC)<br \/>\n-Temperatura de la cama (entre 70\u00baC y 100\u00baC)<br \/>\nPropiedades f\u00edsicas:<br \/>\n-Viscosidad intr\u00ednseca: 0.84 \u00b1 0.02 dl\/g (ISO 1628-5)<br \/>\n-Color b*: \u2264 1 (ASTM D6290)<br \/>\n-Color L*: \u2265 64 (ASTM D6290)<br \/>\n-Temperatura de transici\u00f3n del vidrio: 8\u00ba C (\u00baASTM D3418)<br \/>\n-Densidad a granel: 0,72 g\/cm3<br \/>\n-Densidad espec\u00edfica 1,23 g\/cm3<br \/>\n-Humedad: \u2264 0.3%<br \/>\n-Tama\u00f1o de part\u00edcula: 320 \u00b1 50 mg\/20 chips<br \/>\n-Forma de pellets: Cil\u00edndrica<\/p>\n<p><span style=\"color: #999999;\">Comprar Filamento 3D PETG &#8211; Diametro 1.75mm &#8211; Bobina 1kg &#8211; Color Negro<\/span><\/p>\n","protected":false},"excerpt":{"rendered":"<p class=\"titulo_subseccion_da\">CARACTER\u00cdSTICAS<\/p>\n<div class=\"listado_caracteristicas_da\"><span class=\"linea_datos_da\">\u2022 Para uso en:\u00a0<span class=\"gris_400\" title=\"3D\">3D<\/span><\/span><\/div>\n<div class=\"listado_caracteristicas_da\"><span class=\"linea_datos_da\" title=\"Negro\">\u2022 Color:\u00a0<span class=\"gris_400\">Negro<\/span><\/span><\/div>\n<div class=\"listado_caracteristicas_da\"><span class=\"linea_datos_da\" title=\"Gen\u00e9rico\">\u2022 Fabricante:\u00a0<span class=\"gris_400\">Gen\u00e9rico<\/span><\/span><\/div>\n<div class=\"listado_caracteristicas_da\"><span class=\"linea_datos_da\" title=\"3D\">\u2022 Tipo:\u00a0<span class=\"gris_400\">3D<\/span><\/span><\/div>\n<div class=\"listado_caracteristicas_da\"><span class=\"linea_datos_da\" title=\"\" aria-describedby=\"ui-id-15\">\u2022 Ref.:\u00a0<span class=\"gris_400\">PETG-Black<\/span><\/span><\/div>\n","protected":false},"featured_media":9986,"template":"","meta":[],"product_brand":[],"product_cat":[96,95],"product_tag":[],"class_list":{"0":"post-9985","1":"product","2":"type-product","3":"status-publish","4":"has-post-thumbnail","6":"product_cat-bobinas-de-filamento","7":"product_cat-impresion-3d","9":"first","10":"instock","11":"taxable","12":"shipping-taxable","13":"purchasable","14":"product-type-simple"},"yoast_head":"<!-- This site is optimized with the Yoast SEO Premium plugin v22.3 (Yoast SEO v27.4) - https:\/\/yoast.com\/product\/yoast-seo-premium-wordpress\/ -->\n<title>Filamento 3D PETG - Diametro 1.75mm - Bobina 1kg - Color Negro<\/title>\n<meta name=\"description\" content=\"Filamento 3D PETG - Diametro 1.75mm - Bobina 1kg - Color Negro - Maprofar | T\u00f3ner Compatible Brother, HP y Soluciones de Impresi\u00f3n 3D\" \/>\n<meta name=\"robots\" content=\"index, follow, max-snippet:-1, max-image-preview:large, max-video-preview:-1\" \/>\n<link rel=\"canonical\" href=\"https:\/\/www.maprofar.com\/tienda\/producto\/filamento-3d-petg-diametro-1-75mm-bobina-1kg-color-negro\/\" \/>\n<meta property=\"og:locale\" content=\"es_ES\" \/>\n<meta property=\"og:type\" content=\"article\" \/>\n<meta property=\"og:title\" content=\"Filamento 3D PETG - Diametro 1.75mm - Bobina 1kg - Color Negro - Maprofar | T\u00f3ner Compatible Brother, HP y Soluciones de Impresi\u00f3n 3D\" \/>\n<meta property=\"og:description\" content=\"En Maprofar encontrar\u00e1s t\u00f3ner compatibles de calidad y material de oficina al mejor precio. Ahorra sin sacrificar rendimiento. \u00a1Aprovecha nuestras ofertas y descuentos!\" \/>\n<meta property=\"og:url\" content=\"https:\/\/www.maprofar.com\/tienda\/producto\/filamento-3d-petg-diametro-1-75mm-bobina-1kg-color-negro\/\" \/>\n<meta property=\"og:site_name\" content=\"Maprofar | T\u00f3ner Compatible Brother, HP y Soluciones de Impresi\u00f3n 3D\" \/>\n<meta property=\"article:publisher\" content=\"https:\/\/es-es.facebook.com\/maprofar\" \/>\n<meta property=\"article:modified_time\" content=\"2026-03-06T12:21:42+00:00\" \/>\n<meta property=\"og:image\" content=\"https:\/\/www.maprofar.com\/tienda\/wp-content\/uploads\/2023\/06\/PETG-Black.jpg\" \/>\n\t<meta property=\"og:image:width\" content=\"1000\" \/>\n\t<meta property=\"og:image:height\" content=\"1000\" \/>\n\t<meta property=\"og:image:type\" content=\"image\/jpeg\" \/>\n<meta name=\"twitter:card\" content=\"summary_large_image\" \/>\n<meta name=\"twitter:label1\" content=\"Tiempo de lectura\" \/>\n\t<meta name=\"twitter:data1\" content=\"2 minutos\" \/>\n<script type=\"application\/ld+json\" class=\"yoast-schema-graph\">{\"@context\":\"https:\\\/\\\/schema.org\",\"@graph\":[{\"@type\":\"WebPage\",\"@id\":\"https:\\\/\\\/www.maprofar.com\\\/tienda\\\/producto\\\/filamento-3d-petg-diametro-1-75mm-bobina-1kg-color-negro\\\/\",\"url\":\"https:\\\/\\\/www.maprofar.com\\\/tienda\\\/producto\\\/filamento-3d-petg-diametro-1-75mm-bobina-1kg-color-negro\\\/\",\"name\":\"Filamento 3D PETG - Diametro 1.75mm - Bobina 1kg - Color Negro\",\"isPartOf\":{\"@id\":\"https:\\\/\\\/www.maprofar.com\\\/tienda\\\/#website\"},\"primaryImageOfPage\":{\"@id\":\"https:\\\/\\\/www.maprofar.com\\\/tienda\\\/producto\\\/filamento-3d-petg-diametro-1-75mm-bobina-1kg-color-negro\\\/#primaryimage\"},\"image\":{\"@id\":\"https:\\\/\\\/www.maprofar.com\\\/tienda\\\/producto\\\/filamento-3d-petg-diametro-1-75mm-bobina-1kg-color-negro\\\/#primaryimage\"},\"thumbnailUrl\":\"https:\\\/\\\/www.maprofar.com\\\/tienda\\\/wp-content\\\/uploads\\\/2023\\\/06\\\/PETG-Black.jpg\",\"datePublished\":\"2023-06-12T09:37:36+00:00\",\"dateModified\":\"2026-03-06T12:21:42+00:00\",\"description\":\"Filamento 3D PETG - Diametro 1.75mm - Bobina 1kg - Color Negro - Maprofar | T\u00f3ner Compatible Brother, HP y Soluciones de Impresi\u00f3n 3D\",\"breadcrumb\":{\"@id\":\"https:\\\/\\\/www.maprofar.com\\\/tienda\\\/producto\\\/filamento-3d-petg-diametro-1-75mm-bobina-1kg-color-negro\\\/#breadcrumb\"},\"inLanguage\":\"es\",\"potentialAction\":[{\"@type\":\"ReadAction\",\"target\":[\"https:\\\/\\\/www.maprofar.com\\\/tienda\\\/producto\\\/filamento-3d-petg-diametro-1-75mm-bobina-1kg-color-negro\\\/\"]}]},{\"@type\":\"ImageObject\",\"inLanguage\":\"es\",\"@id\":\"https:\\\/\\\/www.maprofar.com\\\/tienda\\\/producto\\\/filamento-3d-petg-diametro-1-75mm-bobina-1kg-color-negro\\\/#primaryimage\",\"url\":\"https:\\\/\\\/www.maprofar.com\\\/tienda\\\/wp-content\\\/uploads\\\/2023\\\/06\\\/PETG-Black.jpg\",\"contentUrl\":\"https:\\\/\\\/www.maprofar.com\\\/tienda\\\/wp-content\\\/uploads\\\/2023\\\/06\\\/PETG-Black.jpg\",\"width\":1000,\"height\":1000,\"caption\":\"Filamento 3D PETG - Diametro 1.75mm - Bobina 1kg - Color Negro\"},{\"@type\":\"BreadcrumbList\",\"@id\":\"https:\\\/\\\/www.maprofar.com\\\/tienda\\\/producto\\\/filamento-3d-petg-diametro-1-75mm-bobina-1kg-color-negro\\\/#breadcrumb\",\"itemListElement\":[{\"@type\":\"ListItem\",\"position\":1,\"name\":\"Portada\",\"item\":\"https:\\\/\\\/www.maprofar.com\\\/tienda\\\/\"},{\"@type\":\"ListItem\",\"position\":2,\"name\":\"Inicio\",\"item\":\"https:\\\/\\\/www.maprofar.com\\\/tienda\\\/\"},{\"@type\":\"ListItem\",\"position\":3,\"name\":\"Filamento 3D PETG &#8211; Diametro 1.75mm &#8211; Bobina 1kg &#8211; Color Negro\"}]},{\"@type\":\"WebSite\",\"@id\":\"https:\\\/\\\/www.maprofar.com\\\/tienda\\\/#website\",\"url\":\"https:\\\/\\\/www.maprofar.com\\\/tienda\\\/\",\"name\":\"Maprofar - Toner Compatibles y Material de Oficina\",\"description\":\"Encuentra en Maprofar tu t\u00f3ner compatible Brother y HP al mejor precio. Calidad garantizada, env\u00edo urgente 24h y asesoramiento t\u00e9cnico experto. \u00a1Vis\u00edtanos!\",\"publisher\":{\"@id\":\"https:\\\/\\\/www.maprofar.com\\\/tienda\\\/#organization\"},\"alternateName\":\"Maprofar Inform\u00e1tica\",\"potentialAction\":[{\"@type\":\"SearchAction\",\"target\":{\"@type\":\"EntryPoint\",\"urlTemplate\":\"https:\\\/\\\/www.maprofar.com\\\/tienda\\\/?s={search_term_string}\"},\"query-input\":{\"@type\":\"PropertyValueSpecification\",\"valueRequired\":true,\"valueName\":\"search_term_string\"}}],\"inLanguage\":\"es\"},{\"@type\":\"Organization\",\"@id\":\"https:\\\/\\\/www.maprofar.com\\\/tienda\\\/#organization\",\"name\":\"Maprofar S.L.\",\"url\":\"https:\\\/\\\/www.maprofar.com\\\/tienda\\\/\",\"logo\":{\"@type\":\"ImageObject\",\"inLanguage\":\"es\",\"@id\":\"https:\\\/\\\/www.maprofar.com\\\/tienda\\\/#\\\/schema\\\/logo\\\/image\\\/\",\"url\":\"https:\\\/\\\/www.maprofar.com\\\/tienda\\\/wp-content\\\/uploads\\\/2021\\\/05\\\/logo_circulo.jpg\",\"contentUrl\":\"https:\\\/\\\/www.maprofar.com\\\/tienda\\\/wp-content\\\/uploads\\\/2021\\\/05\\\/logo_circulo.jpg\",\"width\":404,\"height\":335,\"caption\":\"Maprofar S.L.\"},\"image\":{\"@id\":\"https:\\\/\\\/www.maprofar.com\\\/tienda\\\/#\\\/schema\\\/logo\\\/image\\\/\"},\"sameAs\":[\"https:\\\/\\\/es-es.facebook.com\\\/maprofar\",\"https:\\\/\\\/www.instagram.com\\\/maprofar_informatica\\\/\",\"https:\\\/\\\/www.pinterest.es\\\/maprofar\\\/\"]}]}<\/script>\n<!-- \/ Yoast SEO Premium plugin. -->","yoast_head_json":{"title":"Filamento 3D PETG - Diametro 1.75mm - Bobina 1kg - Color Negro","description":"Filamento 3D PETG - Diametro 1.75mm - Bobina 1kg - Color Negro - Maprofar | T\u00f3ner Compatible Brother, HP y Soluciones de Impresi\u00f3n 3D","robots":{"index":"index","follow":"follow","max-snippet":"max-snippet:-1","max-image-preview":"max-image-preview:large","max-video-preview":"max-video-preview:-1"},"canonical":"https:\/\/www.maprofar.com\/tienda\/producto\/filamento-3d-petg-diametro-1-75mm-bobina-1kg-color-negro\/","og_locale":"es_ES","og_type":"article","og_title":"Filamento 3D PETG - Diametro 1.75mm - Bobina 1kg - Color Negro - Maprofar | T\u00f3ner Compatible Brother, HP y Soluciones de Impresi\u00f3n 3D","og_description":"En Maprofar encontrar\u00e1s t\u00f3ner compatibles de calidad y material de oficina al mejor precio. Ahorra sin sacrificar rendimiento. \u00a1Aprovecha nuestras ofertas y descuentos!","og_url":"https:\/\/www.maprofar.com\/tienda\/producto\/filamento-3d-petg-diametro-1-75mm-bobina-1kg-color-negro\/","og_site_name":"Maprofar | T\u00f3ner Compatible Brother, HP y Soluciones de Impresi\u00f3n 3D","article_publisher":"https:\/\/es-es.facebook.com\/maprofar","article_modified_time":"2026-03-06T12:21:42+00:00","og_image":[{"width":1000,"height":1000,"url":"https:\/\/www.maprofar.com\/tienda\/wp-content\/uploads\/2023\/06\/PETG-Black.jpg","type":"image\/jpeg"}],"twitter_card":"summary_large_image","twitter_misc":{"Tiempo de lectura":"2 minutos"},"schema":{"@context":"https:\/\/schema.org","@graph":[{"@type":"WebPage","@id":"https:\/\/www.maprofar.com\/tienda\/producto\/filamento-3d-petg-diametro-1-75mm-bobina-1kg-color-negro\/","url":"https:\/\/www.maprofar.com\/tienda\/producto\/filamento-3d-petg-diametro-1-75mm-bobina-1kg-color-negro\/","name":"Filamento 3D PETG - Diametro 1.75mm - Bobina 1kg - Color Negro","isPartOf":{"@id":"https:\/\/www.maprofar.com\/tienda\/#website"},"primaryImageOfPage":{"@id":"https:\/\/www.maprofar.com\/tienda\/producto\/filamento-3d-petg-diametro-1-75mm-bobina-1kg-color-negro\/#primaryimage"},"image":{"@id":"https:\/\/www.maprofar.com\/tienda\/producto\/filamento-3d-petg-diametro-1-75mm-bobina-1kg-color-negro\/#primaryimage"},"thumbnailUrl":"https:\/\/www.maprofar.com\/tienda\/wp-content\/uploads\/2023\/06\/PETG-Black.jpg","datePublished":"2023-06-12T09:37:36+00:00","dateModified":"2026-03-06T12:21:42+00:00","description":"Filamento 3D PETG - Diametro 1.75mm - Bobina 1kg - Color Negro - Maprofar | T\u00f3ner Compatible Brother, HP y Soluciones de Impresi\u00f3n 3D","breadcrumb":{"@id":"https:\/\/www.maprofar.com\/tienda\/producto\/filamento-3d-petg-diametro-1-75mm-bobina-1kg-color-negro\/#breadcrumb"},"inLanguage":"es","potentialAction":[{"@type":"ReadAction","target":["https:\/\/www.maprofar.com\/tienda\/producto\/filamento-3d-petg-diametro-1-75mm-bobina-1kg-color-negro\/"]}]},{"@type":"ImageObject","inLanguage":"es","@id":"https:\/\/www.maprofar.com\/tienda\/producto\/filamento-3d-petg-diametro-1-75mm-bobina-1kg-color-negro\/#primaryimage","url":"https:\/\/www.maprofar.com\/tienda\/wp-content\/uploads\/2023\/06\/PETG-Black.jpg","contentUrl":"https:\/\/www.maprofar.com\/tienda\/wp-content\/uploads\/2023\/06\/PETG-Black.jpg","width":1000,"height":1000,"caption":"Filamento 3D PETG - Diametro 1.75mm - Bobina 1kg - Color Negro"},{"@type":"BreadcrumbList","@id":"https:\/\/www.maprofar.com\/tienda\/producto\/filamento-3d-petg-diametro-1-75mm-bobina-1kg-color-negro\/#breadcrumb","itemListElement":[{"@type":"ListItem","position":1,"name":"Portada","item":"https:\/\/www.maprofar.com\/tienda\/"},{"@type":"ListItem","position":2,"name":"Inicio","item":"https:\/\/www.maprofar.com\/tienda\/"},{"@type":"ListItem","position":3,"name":"Filamento 3D PETG &#8211; Diametro 1.75mm &#8211; Bobina 1kg &#8211; Color Negro"}]},{"@type":"WebSite","@id":"https:\/\/www.maprofar.com\/tienda\/#website","url":"https:\/\/www.maprofar.com\/tienda\/","name":"Maprofar - Toner Compatibles y Material de Oficina","description":"Encuentra en Maprofar tu t\u00f3ner compatible Brother y HP al mejor precio. Calidad garantizada, env\u00edo urgente 24h y asesoramiento t\u00e9cnico experto. \u00a1Vis\u00edtanos!","publisher":{"@id":"https:\/\/www.maprofar.com\/tienda\/#organization"},"alternateName":"Maprofar Inform\u00e1tica","potentialAction":[{"@type":"SearchAction","target":{"@type":"EntryPoint","urlTemplate":"https:\/\/www.maprofar.com\/tienda\/?s={search_term_string}"},"query-input":{"@type":"PropertyValueSpecification","valueRequired":true,"valueName":"search_term_string"}}],"inLanguage":"es"},{"@type":"Organization","@id":"https:\/\/www.maprofar.com\/tienda\/#organization","name":"Maprofar S.L.","url":"https:\/\/www.maprofar.com\/tienda\/","logo":{"@type":"ImageObject","inLanguage":"es","@id":"https:\/\/www.maprofar.com\/tienda\/#\/schema\/logo\/image\/","url":"https:\/\/www.maprofar.com\/tienda\/wp-content\/uploads\/2021\/05\/logo_circulo.jpg","contentUrl":"https:\/\/www.maprofar.com\/tienda\/wp-content\/uploads\/2021\/05\/logo_circulo.jpg","width":404,"height":335,"caption":"Maprofar S.L."},"image":{"@id":"https:\/\/www.maprofar.com\/tienda\/#\/schema\/logo\/image\/"},"sameAs":["https:\/\/es-es.facebook.com\/maprofar","https:\/\/www.instagram.com\/maprofar_informatica\/","https:\/\/www.pinterest.es\/maprofar\/"]}]}},"_links":{"self":[{"href":"https:\/\/www.maprofar.com\/tienda\/wp-json\/wp\/v2\/product\/9985","targetHints":{"allow":["GET"]}}],"collection":[{"href":"https:\/\/www.maprofar.com\/tienda\/wp-json\/wp\/v2\/product"}],"about":[{"href":"https:\/\/www.maprofar.com\/tienda\/wp-json\/wp\/v2\/types\/product"}],"wp:featuredmedia":[{"embeddable":true,"href":"https:\/\/www.maprofar.com\/tienda\/wp-json\/wp\/v2\/media\/9986"}],"wp:attachment":[{"href":"https:\/\/www.maprofar.com\/tienda\/wp-json\/wp\/v2\/media?parent=9985"}],"wp:term":[{"taxonomy":"product_brand","embeddable":true,"href":"https:\/\/www.maprofar.com\/tienda\/wp-json\/wp\/v2\/product_brand?post=9985"},{"taxonomy":"product_cat","embeddable":true,"href":"https:\/\/www.maprofar.com\/tienda\/wp-json\/wp\/v2\/product_cat?post=9985"},{"taxonomy":"product_tag","embeddable":true,"href":"https:\/\/www.maprofar.com\/tienda\/wp-json\/wp\/v2\/product_tag?post=9985"}],"curies":[{"name":"wp","href":"https:\/\/api.w.org\/{rel}","templated":true}]}}